{"id":1038,"date":"2024-01-23T11:52:58","date_gmt":"2024-01-23T11:52:58","guid":{"rendered":"https:\/\/www.elitek.si\/magento-adobe-commerce-aggiornamento-della-sicurezza\/"},"modified":"2024-02-13T14:36:18","modified_gmt":"2024-02-13T14:36:18","slug":"magento-adobe-commerce-aggiornamento-della-sicurezza","status":"publish","type":"page","link":"https:\/\/www.elitek.si\/it\/magento-adobe-commerce-aggiornamento-della-sicurezza\/","title":{"rendered":"Servizio di aggiornamento della sicurezza Magento\/Adobe Commerce"},"content":{"rendered":"<div class=\"title-image\"><span class=\"image\"><img decoding=\"async\" src=\"https:\/\/www.elitek.si\/wp-content\/uploads\/2024\/01\/magento-security-update-service-1.png\" \/><\/span><\/p>\n<h3>\u0400 certo che nessun proprietario di un negozio online desidera alcun problema o potenziale controversia in caso di violazione del proprio negozio online Magento che potrebbe portare a tempi di inattivit\u00e0 del negozio o addirittura abuso dei dati personali.<\/h3>\n<\/div>\n<p style=\"font-size: 18px;\">\u0400 certo che nessun proprietario di un negozio online desidera alcun problema o potenziale controversia in caso di violazione del proprio negozio online Magento che potrebbe portare a tempi di inattivit\u00e0 del negozio o addirittura abuso dei dati personali.<\/p>\n<h3><strong>A cosa contribuisce un negozio online aggiornato?<\/strong><\/h3>\n<ol class=\"bigger\">\n<li><strong>Maggiore sicurezza:<\/strong> Installando regolarmente le patch pi\u00f9 recenti, assicuriamo che il Vostro sito web sia protetto dalle minacce alla sicurezza, proteggendo sia la Vostra azienda che i dati dei clienti.<\/li>\n<li><strong>Prestazioni ottimali e nuove funzionalit\u00e0:<\/strong> L\u2019installazione di aggiornamenti assicura al Vostro negozio online Magento le funzionalit\u00e0 e i miglioramenti pi\u00f9 recenti offerti da Magento\/Adobe, risultando in un\u2019esperienza online migliore, pi\u00f9 veloce e pi\u00f9 affidabile per i Vostri clienti.<\/li>\n<li><strong>La Vostra tranquillit\u00e0: <\/strong> Se il Vostro negozio online \u00e8 gestito da sviluppatori esperti e aggiornato regolarmente, potete essere certi che \u00e8 sicuro e funzionale. Ci\u00f2 Vi permette di concentrarvi sulla crescita della Vostra attivit\u00e0.<\/li>\n<\/ol>\n<h3><strong>Come possiamo aiutarvi?<\/strong><\/h3>\n<p>Confidiamo nelle nostre conoscenze e siamo quindi in grado di gestire la situazione esistente. Anche se il Vostro negozio online Magento\/Adobe \u00e8 supportato da una versione molto obsoleta, siamo certi che con la nostra conoscenza ed esperienza possiamo aggiornarlo.<\/p>\n<div class=\"steps\">\n<div class=\"step\">\n<div class=\"step-inner\">\n<div class=\"step-inner-title\"><span class=\"number\">1<\/span><\/p>\n<h2>Verifichiamo la compatibilit\u00e0 dei plugin installati da terzi.<\/h2>\n<\/p><\/div>\n<p>            Se possibile, aggiorniamo anche i plugin installati e al contempo risolviamo eventuali problemi e incompatibilit\u00e0 che si presentano con la nuova versione.<\/p>\n<p>            Qualora non siano disponibili aggiornamenti o se la modifica sarebbe troppo impegnativa, \u00e8 possibile eseguire solo la regolazione manuale o la risoluzione dei problemi derivanti dall\u2019installazione dell\u2019ultima versione di Magento.\n        <\/p><\/div>\n<\/p><\/div>\n<div class=\"step\">\n<div class=\"step-inner\">\n<div class=\"step-inner-title\"><span class=\"number\">2<\/span><\/p>\n<h2>Aggiorniamo Magento all\u2019ultima versione<\/h2>\n<\/p><\/div>\n<p>          Se necessario, l\u2019aggiornamento si esegue in pi\u00f9 passaggi. La Vostra piattaforma sar\u00e0 gradualmente aggiornata a tutte le versioni intermedie, fino al raggiungimento dell\u2019ultima versione.<\/p><\/div>\n<\/p><\/div>\n<div class=\"step\">\n<div class=\"step-inner\">\n<div class=\"step-inner-title\"><span class=\"number\">3<\/span><\/p>\n<h2>Aggiornamenti a tutti i servizi chiave del server.<\/h2>\n<\/p><\/div>\n<p>          Anche l\u2019aggiornamento dei servizi server, come le versioni PHP e MySQL, influisce in modo significativo su un funzionamento pi\u00f9 rapido e sicuro.<\/p><\/div>\n<\/p><\/div>\n<div class=\"step\">\n<div class=\"step-inner\">\n<div class=\"step-inner-title\"><span class=\"number\">4<\/span><\/p>\n<h2>Includiamo il Vostro negozio online nel nostro programma di monitoraggio<\/h2>\n<\/p><\/div>\n<p>            Dopo aver completato gli aggiornamenti, monitoriamo regolarmente il Vostro negozio online. Ogni mese controlliamo le nuove funzionalit\u00e0 e gli aggiornamenti resi disponibili nel frattempo. In caso di nuovi aggiornamenti, ne parleremo con Voi in merito all\u2019installazione e all\u2019implementazione.<\/p>\n<p>            Installando regolarmente gli aggiornamenti, evitiamo ulteriori complicazioni e maggiori costi di manutenzione.\n        <\/p><\/div>\n<\/p><\/div>\n<\/div>\n<div class=\"contactus\">\n<p style=\"font-size: 28px; color: white; margin-right: 20px;\">Vi aiutiamo a proteggere il Vostro negozio online?<\/p>\n<p><a class=\"button btn-secondary big white\" href=\"https:\/\/www.elitek.si\/it\/contattateci\/\">Contattateci!<\/a><\/div>\n<h3>Non dimentichiamo che una piattaforma migliorata e aggiornata pu\u00f2 rapidamente diventare obsoleta. \u00c8 quindi fondamentale che un team di sviluppo esperto mantenga il Vostro progetto anche in futuro.<\/h3>\n<p>Una volta completato il progetto, possiamo provvedere alla manutenzione del Vostro negozio online, provvedendo cos\u00ec a tutti gli ulteriori miglioramenti e aggiornamenti, garantendo al contempo che il Vostro negozio continui a funzionare in modo ottimale e sicuro.<\/p>\n","protected":false},"excerpt":{"rendered":"<p>\u0400 certo che nessun proprietario di un negozio online desidera alcun problema o potenziale controversia in caso di violazione del proprio negozio online Magento che potrebbe portare a tempi di inattivit\u00e0 del negozio o addirittura abuso dei dati personali. \u0400 certo che nessun proprietario di un negozio online desidera alcun problema o potenziale controversia in [&hellip;]<\/p>\n","protected":false},"author":1,"featured_media":0,"parent":0,"menu_order":0,"comment_status":"closed","ping_status":"closed","template":"simple.php","meta":{"_acf_changed":false,"footnotes":""},"class_list":["post-1038","page","type-page","status-publish","hentry"],"acf":[],"_links":{"self":[{"href":"https:\/\/www.elitek.si\/it\/wp-json\/wp\/v2\/pages\/1038","targetHints":{"allow":["GET"]}}],"collection":[{"href":"https:\/\/www.elitek.si\/it\/wp-json\/wp\/v2\/pages"}],"about":[{"href":"https:\/\/www.elitek.si\/it\/wp-json\/wp\/v2\/types\/page"}],"author":[{"embeddable":true,"href":"https:\/\/www.elitek.si\/it\/wp-json\/wp\/v2\/users\/1"}],"replies":[{"embeddable":true,"href":"https:\/\/www.elitek.si\/it\/wp-json\/wp\/v2\/comments?post=1038"}],"version-history":[{"count":5,"href":"https:\/\/www.elitek.si\/it\/wp-json\/wp\/v2\/pages\/1038\/revisions"}],"predecessor-version":[{"id":1049,"href":"https:\/\/www.elitek.si\/it\/wp-json\/wp\/v2\/pages\/1038\/revisions\/1049"}],"wp:attachment":[{"href":"https:\/\/www.elitek.si\/it\/wp-json\/wp\/v2\/media?parent=1038"}],"curies":[{"name":"wp","href":"https:\/\/api.w.org\/{rel}","templated":true}]}}