{"id":878,"date":"2023-12-13T11:41:51","date_gmt":"2023-12-13T11:41:51","guid":{"rendered":"https:\/\/www.elitek.si\/adobe-commerce-magento-agenzia-di-sviliuppo\/"},"modified":"2025-07-15T13:20:46","modified_gmt":"2025-07-15T13:20:46","slug":"adobe-commerce-magento-agenzia-di-sviliuppo","status":"publish","type":"page","link":"https:\/\/www.elitek.si\/it\/adobe-commerce-magento-agenzia-di-sviliuppo\/","title":{"rendered":"Adobe Commerce \/ Magento Agenzia di sviluppo"},"content":{"rendered":"\n<h2 class=\"wp-block-heading\"><span class=\"elitek-strong\">Adobe Commerce \/ Magento<\/span> <br\/><br\/>Agenzia di sviluppo<br\/><\/h2>\n\n<div class=\"wp-block-columns is-layout-flex wp-container-core-columns-is-layout-9d6595d7 wp-block-columns-is-layout-flex\">\n<div class=\"wp-block-column is-layout-flow wp-block-column-is-layout-flow\">\n<p>Siamo un\u2019agenzia di sviluppo completa specializzata in soluzioni di e-commerce su misura <strong>e siti web incentrati sull\u2019utente che forniscono risultati misurabili.<\/strong><\/p>\n\n\n\n<h3 class=\"wp-block-heading\"><br\/>I nostri Adobe Commerce<br\/> Magento includono <br\/><\/h3>\n\n\n\n<ul class=\"wp-block-list\">\n<li>Sviluppo di <strong>e-commerce B2C\/B2B<\/strong><br\/><\/li>\n\n\n\n<li>Sviluppo di <strong>moduli personalizzati<\/strong><\/li>\n\n\n\n<li>Integrazione di <strong>sistemi ERP, CRM, PIM<\/strong><\/li>\n\n\n\n<li><strong>Speed optimization<\/strong> and tuning. Custom store front development<br\/><br\/>Ottimizzazione della velocit\u00e0 di caricamento. Sviluppo di &#8220;frontend&#8221; personalizzato.<\/li>\n\n\n\n<li><strong>Servizio di migrazione<\/strong> Magento 1 -&gt; Magento 2<\/li>\n\n\n\n<li><strong>Audit <\/strong> e miglioramento del sito web<\/li>\n\n\n\n<li><strong>Manutenzione e sicurezza del negozio<\/strong><\/li>\n<\/ul>\n\n\n\n<h3 class=\"wp-block-heading\"><br\/>Perch\u00e9 Adobe\/ Magento e-commerce?<\/h3>\n\n\n\n<ol class=\"wp-block-list\">\n<li><strong>Scalabilit\u00e0 (da negozi piccoli a negozi molto, molto grandi)<\/strong><br\/>Magento \u00e8 altamente scalabile e pu\u00f2 gestire la crescita dei negozi online man mano che si espandono. Magento pu\u00f2 ospitare diversi livelli di traffico e transazioni.<br\/><br\/><br\/><br\/><br\/><br\/><br\/><\/li>\n\n\n\n<li><strong>Ricco di funzionalit\u00e0 &#8220;out-of-the-box&#8221;<\/strong><br\/>Magento viene fornito con un set completo di funzionalit\u00e0 pronte all\u2019uso. Supporta vari tipi di prodotti, diversi gateway di pagamento, opzioni di spedizione e dispone di funzionalit\u00e0 SEO integrate.<br\/><br\/><br\/><br\/><br\/><br\/><br\/><\/li>\n\n\n\n<li><strong>Community e supporto<\/strong><br\/><br\/>Essendo open source, Magento ha una vasta e attiva comunit\u00e0 di sviluppatori, il che significa una ricchezza di risorse, plugin ed estensioni.<br\/> <br\/><br\/><br\/><br\/><br\/><\/li>\n\n\n\n<li><strong>Multi-Store Management<\/strong><br\/>Magento consente agli utenti di gestire pi\u00f9 negozi da un\u2019unica interfaccia admin. Ci\u00f2 \u00e8 vantaggioso per le aziende che operano in diverse regioni o con pi\u00f9 marchi.<br\/><br\/><br\/><br\/><br\/><\/li>\n\n\n\n<li><strong>Funzionalit\u00e0 di sicurezza<\/strong><br\/>La sicurezza \u00e8 una priorit\u00e0 nell\u2019e-commerce e Magento include funzionalit\u00e0 come crittografia dei dati, transazioni di pagamento sicure e conformit\u00e0 agli standard del settore.<br\/><br\/><br\/><\/li>\n<\/ol>\n\n\n\n<p><\/p>\n<\/div>\n\n\n\n<div class=\"wp-block-column is-layout-flow wp-block-column-is-layout-flow\">\n<h3 class=\"wp-block-heading\"><span class=\"elitek-strong\">Pianifica ora<\/span> un <br\/>free incontro introduttivo gratuito!!<br\/><br\/><\/h3>\n\n\n\n<p>Incontraci di persona e discutiamo brevemente di come possiamo aiutare la tua azienda.<\/p>\n\n\n\n\n<div class=\"wpcf7 no-js\" id=\"wpcf7-f731-o1\" lang=\"it-IT\" dir=\"ltr\" data-wpcf7-id=\"731\">\n<div class=\"screen-reader-response\"><p role=\"status\" aria-live=\"polite\" aria-atomic=\"true\"><\/p> <ul><\/ul><\/div>\n<form action=\"\/it\/wp-json\/wp\/v2\/pages\/878#wpcf7-f731-o1\" method=\"post\" class=\"wpcf7-form init\" aria-label=\"Modulo di contatto\" novalidate=\"novalidate\" data-status=\"init\">\n<fieldset class=\"hidden-fields-container\"><input type=\"hidden\" name=\"_wpcf7\" value=\"731\" \/><input type=\"hidden\" name=\"_wpcf7_version\" value=\"6.1\" \/><input type=\"hidden\" name=\"_wpcf7_locale\" value=\"it_IT\" \/><input type=\"hidden\" name=\"_wpcf7_unit_tag\" value=\"wpcf7-f731-o1\" \/><input type=\"hidden\" name=\"_wpcf7_container_post\" value=\"0\" \/><input type=\"hidden\" name=\"_wpcf7_posted_data_hash\" value=\"\" \/><input type=\"hidden\" name=\"_wpcf7_recaptcha_response\" value=\"\" \/>\n<\/fieldset>\n<div class=\"container\">\n\t<div class=\"row\">\n\t\t<div class=\"field\">\n\t\t\t<p><label>Nome e cognome<\/label><span class=\"wpcf7-form-control-wrap\" data-name=\"your-name\"><input size=\"40\" maxlength=\"400\" class=\"wpcf7-form-control wpcf7-text wpcf7-validates-as-required\" autocomplete=\"name\" aria-required=\"true\" aria-invalid=\"false\" value=\"\" type=\"text\" name=\"your-name\" \/><\/span>\n\t\t\t<\/p>\n\t\t<\/div>\n\t\t<div class=\"field\">\n\t\t\t<p><label>Email<\/label><span class=\"wpcf7-form-control-wrap\" data-name=\"your-email\"><input size=\"40\" maxlength=\"400\" class=\"wpcf7-form-control wpcf7-email wpcf7-validates-as-required wpcf7-text wpcf7-validates-as-email\" autocomplete=\"email\" aria-required=\"true\" aria-invalid=\"false\" value=\"\" type=\"email\" name=\"your-email\" \/><\/span>\n\t\t\t<\/p>\n\t\t<\/div>\n\t\t<div class=\"field\">\n\t\t\t<p><label>Nome della ditta<\/label><span class=\"wpcf7-form-control-wrap\" data-name=\"company\"><input size=\"40\" maxlength=\"400\" class=\"wpcf7-form-control wpcf7-text\" aria-invalid=\"false\" value=\"\" type=\"text\" name=\"company\" \/><\/span>\n\t\t\t<\/p>\n\t\t<\/div>\n\t\t<div class=\"field\">\n\t\t\t<p><label>Telefono<\/label><span class=\"wpcf7-form-control-wrap\" data-name=\"tel-337\"><input size=\"40\" maxlength=\"400\" class=\"wpcf7-form-control wpcf7-tel wpcf7-validates-as-required wpcf7-text wpcf7-validates-as-tel\" aria-required=\"true\" aria-invalid=\"false\" value=\"\" type=\"tel\" name=\"tel-337\" \/><\/span>\n\t\t\t<\/p>\n\t\t<\/div>\n\t<\/div>\n\t<div class=\"row\">\n\t\t<div class=\"field\">\n\t\t\t<p><label>Il tuo messaggio<\/label><span class=\"wpcf7-form-control-wrap\" data-name=\"your-message\"><textarea cols=\"40\" rows=\"10\" maxlength=\"2000\" class=\"wpcf7-form-control wpcf7-textarea wpcf7-validates-as-required\" aria-required=\"true\" aria-invalid=\"false\" name=\"your-message\"><\/textarea><\/span>\n\t\t\t<\/p>\n\t\t<\/div>\n\t<\/div>\n<\/div>\n<p><input class=\"wpcf7-form-control wpcf7-submit has-spinner button btn-primary\" type=\"submit\" value=\"Invia messaggio\" \/>\n<\/p><div class=\"wpcf7-response-output\" aria-hidden=\"true\"><\/div>\n<\/form>\n<\/div>\n<br\/>\n<\/div>\n<\/div>\n\n<div class=\"wp-block-columns is-layout-flex wp-container-core-columns-is-layout-9d6595d7 wp-block-columns-is-layout-flex\">\n<div class=\"wp-block-column is-layout-flow wp-block-column-is-layout-flow\">\n<div class=\"wp-block-columns are-vertically-aligned-center is-not-stacked-on-mobile no-margin is-layout-flex wp-container-core-columns-is-layout-9d6595d7 wp-block-columns-is-layout-flex\">\n<div class=\"wp-block-column is-vertically-aligned-center is-layout-flow wp-block-column-is-layout-flow\" style=\"flex-basis:60px\">\n<figure class=\"wp-block-image size-full is-resized\"><img loading=\"lazy\" decoding=\"async\" width=\"640\" height=\"512\" src=\"https:\/\/www.elitek.si\/wp-content\/uploads\/2023\/12\/people-group-1.png\" alt=\"\" class=\"wp-image-501\" style=\"width:60px\" srcset=\"https:\/\/www.elitek.si\/wp-content\/uploads\/2023\/12\/people-group-1.png 640w, https:\/\/www.elitek.si\/wp-content\/uploads\/2023\/12\/people-group-1-300x240.png 300w\" sizes=\"auto, (max-width: 640px) 100vw, 640px\" \/><\/figure>\n<\/div>\n\n\n\n<div class=\"wp-block-column is-vertically-aligned-center is-layout-flow wp-block-column-is-layout-flow\" style=\"flex-basis:80%\">\n<p class=\"has-text-align-left\">Team di sviluppatori dedicati SOLO ad <strong>Adobe\/Magento<\/strong><\/p>\n<\/div>\n<\/div>\n<\/div>\n\n\n\n<div class=\"wp-block-column is-layout-flow wp-block-column-is-layout-flow\">\n<div class=\"wp-block-columns are-vertically-aligned-center is-not-stacked-on-mobile no-margin is-layout-flex wp-container-core-columns-is-layout-9d6595d7 wp-block-columns-is-layout-flex\">\n<div class=\"wp-block-column is-vertically-aligned-center is-layout-flow wp-block-column-is-layout-flow\" style=\"flex-basis:60px\">\n<figure class=\"wp-block-image size-full is-resized\"><img loading=\"lazy\" decoding=\"async\" width=\"512\" height=\"512\" src=\"https:\/\/www.elitek.si\/wp-content\/uploads\/2023\/12\/shield-halved-1.png\" alt=\"\" class=\"wp-image-503\" style=\"width:60px\" srcset=\"https:\/\/www.elitek.si\/wp-content\/uploads\/2023\/12\/shield-halved-1.png 512w, https:\/\/www.elitek.si\/wp-content\/uploads\/2023\/12\/shield-halved-1-300x300.png 300w, https:\/\/www.elitek.si\/wp-content\/uploads\/2023\/12\/shield-halved-1-150x150.png 150w\" sizes=\"auto, (max-width: 512px) 100vw, 512px\" \/><\/figure>\n<\/div>\n\n\n\n<div class=\"wp-block-column is-vertically-aligned-center is-layout-flow wp-block-column-is-layout-flow\" style=\"flex-basis:80%\">\n<p class=\"has-text-align-left\"><strong>Oltre 10 anni di esperienza<\/strong> con Adobe\/Magento eComm.<\/p>\n<\/div>\n<\/div>\n<\/div>\n\n\n\n<div class=\"wp-block-column is-layout-flow wp-block-column-is-layout-flow\">\n<div class=\"wp-block-columns are-vertically-aligned-center is-not-stacked-on-mobile no-margin is-layout-flex wp-container-core-columns-is-layout-9d6595d7 wp-block-columns-is-layout-flex\">\n<div class=\"wp-block-column is-vertically-aligned-center is-layout-flow wp-block-column-is-layout-flow\" style=\"flex-basis:60px\">\n<figure class=\"wp-block-image size-full is-resized\"><img loading=\"lazy\" decoding=\"async\" width=\"512\" height=\"512\" src=\"https:\/\/www.elitek.si\/wp-content\/uploads\/2023\/12\/globe-1.png\" alt=\"\" class=\"wp-image-497\" style=\"width:60px\" srcset=\"https:\/\/www.elitek.si\/wp-content\/uploads\/2023\/12\/globe-1.png 512w, https:\/\/www.elitek.si\/wp-content\/uploads\/2023\/12\/globe-1-300x300.png 300w, https:\/\/www.elitek.si\/wp-content\/uploads\/2023\/12\/globe-1-150x150.png 150w\" sizes=\"auto, (max-width: 512px) 100vw, 512px\" \/><\/figure>\n<\/div>\n\n\n\n<div class=\"wp-block-column is-vertically-aligned-center is-layout-flow wp-block-column-is-layout-flow\" style=\"flex-basis:80%\">\n<p class=\"has-text-align-left\">Agenzia di e-commerce con sede in <strong>Slovenia (Unione Europea)<\/strong><\/p>\n<\/div>\n<\/div>\n<\/div>\n<\/div>\n","protected":false},"excerpt":{"rendered":"<p>Adobe Commerce \/ Magento Agenzia di sviluppo Siamo un\u2019agenzia di sviluppo completa specializzata in soluzioni di e-commerce su misura e siti web incentrati sull\u2019utente che forniscono risultati misurabili. I nostri Adobe Commerce Magento includono Perch\u00e9 Adobe\/ Magento e-commerce? Pianifica ora un free incontro introduttivo gratuito!! Incontraci di persona e discutiamo brevemente di come possiamo aiutare [&hellip;]<\/p>\n","protected":false},"author":2,"featured_media":0,"parent":0,"menu_order":0,"comment_status":"closed","ping_status":"closed","template":"PageLanding.php","meta":{"_acf_changed":false,"footnotes":""},"class_list":["post-878","page","type-page","status-publish","hentry"],"acf":[],"_links":{"self":[{"href":"https:\/\/www.elitek.si\/it\/wp-json\/wp\/v2\/pages\/878","targetHints":{"allow":["GET"]}}],"collection":[{"href":"https:\/\/www.elitek.si\/it\/wp-json\/wp\/v2\/pages"}],"about":[{"href":"https:\/\/www.elitek.si\/it\/wp-json\/wp\/v2\/types\/page"}],"author":[{"embeddable":true,"href":"https:\/\/www.elitek.si\/it\/wp-json\/wp\/v2\/users\/2"}],"replies":[{"embeddable":true,"href":"https:\/\/www.elitek.si\/it\/wp-json\/wp\/v2\/comments?post=878"}],"version-history":[{"count":15,"href":"https:\/\/www.elitek.si\/it\/wp-json\/wp\/v2\/pages\/878\/revisions"}],"predecessor-version":[{"id":1991,"href":"https:\/\/www.elitek.si\/it\/wp-json\/wp\/v2\/pages\/878\/revisions\/1991"}],"wp:attachment":[{"href":"https:\/\/www.elitek.si\/it\/wp-json\/wp\/v2\/media?parent=878"}],"curies":[{"name":"wp","href":"https:\/\/api.w.org\/{rel}","templated":true}]}}