{"id":883,"date":"2024-01-01T20:01:52","date_gmt":"2024-01-01T20:01:52","guid":{"rendered":"https:\/\/www.elitek.si\/adobe-commerce-magento-integrazione-sistema\/"},"modified":"2024-10-06T19:38:35","modified_gmt":"2024-10-06T19:38:35","slug":"adobe-commerce-magento-integrazione-sistema","status":"publish","type":"page","link":"https:\/\/www.elitek.si\/it\/adobe-commerce-magento-integrazione-sistema\/","title":{"rendered":"Integrazione del sistema AdobeCommerce\/Magento"},"content":{"rendered":"\n<h2 class=\"wp-block-heading\"><span class=\"elitek-strong\">AdobeCommerce\/Magento<\/span> <br>Integrazione del sistema \r\n<\/h2>\n\n\n\n<div class=\"wp-block-columns is-layout-flex wp-container-core-columns-is-layout-9d6595d7 wp-block-columns-is-layout-flex\">\n<div class=\"wp-block-column is-layout-flow wp-block-column-is-layout-flow\">\n<h3 class=\"wp-block-heading\">Migliora l\u2019efficacia e collega il Vostro negozio Magento con ERP, CRM, PIM e altri sistemi di terzi tramite API.\r\n\r\n<\/h3>\n\n\n\n<h3>Sincronizza <span class=\"elitek-strong\"> \r\nordini, inventari, clienti, coupon, dati di marketing <span class=\"elitek-strong\"> e qualsiasi altra entit\u00e0.<\/span><\/span><\/h3>\n\n\n\n<p>Siamo esperti in:<\/p>\n\n\n\n<ul class=\"wp-block-list\">\n<li><strong>Integrazione di sistemi ERP<\/strong> (Microsoft Dynamics, VASCO, Pantheon, SAOP, ecc.).\r\n\r\n     <\/li>\n\n\n\n<li><strong>Integrazione del sistema CRM <\/strong> (OroCrm, Sales force etc.).\r\n<\/li>\n\n\n\n<li><strong>Integrazione del sistema PIM.<\/strong> (Akeneo).<\/li>\n\n\n\n<li><strong>Integrazione dei corrieri locali..<\/strong><\/li>\n\n\n\n<li><strong>Integrazione di Google Services Server-Side<\/strong>(Google Analytics and GTM).<\/li>\n\n\n\n<li>Altre integrazioni <strong>basate su API<\/strong> integrazioni  e altro (JSON, CSV, SQL).\r\n\r\n <\/li>\n<\/ul>\n\n\n\n<p> <br><\/p>\n\n\n\n<h3 class=\"wp-block-heading\">Vantaggi per la vostra attivit\u00e0 di e-commerce<\/h3>\n\n\n\n<div class=\"wp-block-columns are-vertically-aligned-center is-not-stacked-on-mobile no-margin is-layout-flex wp-container-core-columns-is-layout-9d6595d7 wp-block-columns-is-layout-flex\">\n<div class=\"wp-block-column is-vertically-aligned-center is-layout-flow wp-block-column-is-layout-flow\" style=\"flex-basis:40px\">\n<figure class=\"wp-block-image size-full is-resized\"><img loading=\"lazy\" decoding=\"async\" width=\"512\" height=\"512\" src=\"https:\/\/www.elitek.si\/wp-content\/uploads\/2024\/01\/sack-dollar-1-2.png\" alt=\"\" class=\"wp-image-558\" style=\"width:40px;height:auto\" srcset=\"https:\/\/www.elitek.si\/wp-content\/uploads\/2024\/01\/sack-dollar-1-2.png 512w, https:\/\/www.elitek.si\/wp-content\/uploads\/2024\/01\/sack-dollar-1-2-300x300.png 300w, https:\/\/www.elitek.si\/wp-content\/uploads\/2024\/01\/sack-dollar-1-2-150x150.png 150w\" sizes=\"auto, (max-width: 512px) 100vw, 512px\" \/><\/figure>\n<\/div>\n\n\n\n<div class=\"wp-block-column is-vertically-aligned-center is-layout-flow wp-block-column-is-layout-flow\" style=\"flex-basis:80%\">\n<p class=\"has-text-align-left\"><strong>Riduzione dei costi di propriet\u00e0 <\/strong> con l\u2019integrazione completa di e-commerce e sistemi di terzi.\r\n<\/p>\n<\/div>\n<\/div>\n\n\n\n<div class=\"wp-block-columns are-vertically-aligned-center is-not-stacked-on-mobile no-margin is-layout-flex wp-container-core-columns-is-layout-9d6595d7 wp-block-columns-is-layout-flex\">\n<div class=\"wp-block-column is-vertically-aligned-center is-layout-flow wp-block-column-is-layout-flow\" style=\"flex-basis:40px\">\n<figure class=\"wp-block-image size-full is-resized\"><img loading=\"lazy\" decoding=\"async\" width=\"640\" height=\"512\" src=\"https:\/\/www.elitek.si\/wp-content\/uploads\/2024\/01\/gears-1-2.png\" alt=\"\" class=\"wp-image-554\" style=\"width:40px\" srcset=\"https:\/\/www.elitek.si\/wp-content\/uploads\/2024\/01\/gears-1-2.png 640w, https:\/\/www.elitek.si\/wp-content\/uploads\/2024\/01\/gears-1-2-300x240.png 300w\" sizes=\"auto, (max-width: 640px) 100vw, 640px\" \/><\/figure>\n<\/div>\n\n\n\n<div class=\"wp-block-column is-vertically-aligned-center is-layout-flow wp-block-column-is-layout-flow\" style=\"flex-basis:80%\">\n<p class=\"has-text-align-left\"><strong>Automatizza le attivit\u00e0 ripetitive<\/strong> e concentrati solo sulle attivit\u00e0 importanti.<\/p>\n<\/div>\n<\/div>\n\n\n\n<div class=\"wp-block-columns are-vertically-aligned-center is-not-stacked-on-mobile no-margin is-layout-flex wp-container-core-columns-is-layout-9d6595d7 wp-block-columns-is-layout-flex\">\n<div class=\"wp-block-column is-vertically-aligned-center is-layout-flow wp-block-column-is-layout-flow\" style=\"flex-basis:40px\">\n<figure class=\"wp-block-image size-full is-resized\"><img loading=\"lazy\" decoding=\"async\" width=\"576\" height=\"512\" src=\"https:\/\/www.elitek.si\/wp-content\/uploads\/2024\/01\/person-circle-exclamation-1-2.png\" alt=\"\" class=\"wp-image-556\" style=\"width:40px\" srcset=\"https:\/\/www.elitek.si\/wp-content\/uploads\/2024\/01\/person-circle-exclamation-1-2.png 576w, https:\/\/www.elitek.si\/wp-content\/uploads\/2024\/01\/person-circle-exclamation-1-2-300x267.png 300w\" sizes=\"auto, (max-width: 576px) 100vw, 576px\" \/><\/figure>\n<\/div>\n\n\n\n<div class=\"wp-block-column is-vertically-aligned-center is-layout-flow wp-block-column-is-layout-flow\" style=\"flex-basis:80%\">\n<p class=\"has-text-align-left\"><strong>Elimina l&#8217;errore umano<\/strong> nel tuo flusso di lavoro.<\/p>\n<\/div>\n<\/div>\n\n\n\n<p><\/p>\n<\/div>\n\n\n\n<div class=\"wp-block-column is-layout-flow wp-block-column-is-layout-flow\">\n<h3 class=\"wp-block-heading\"><span class=\"elitek-strong\">Pianifica ora<\/span> un <br> incontro introduttivo gratuito!!<br><\/h3>\n\n\n\n<p>Incontraci di persona e discutiamo brevemente di come possiamo aiutare la tua azienda.<\/p>\n\n\n\n\n<div class=\"wpcf7 no-js\" id=\"wpcf7-f637-o1\" lang=\"it-IT\" dir=\"ltr\" data-wpcf7-id=\"637\">\n<div class=\"screen-reader-response\"><p role=\"status\" aria-live=\"polite\" aria-atomic=\"true\"><\/p> <ul><\/ul><\/div>\n<form action=\"\/it\/wp-json\/wp\/v2\/pages\/883#wpcf7-f637-o1\" method=\"post\" class=\"wpcf7-form init\" aria-label=\"Modulo di contatto\" novalidate=\"novalidate\" data-status=\"init\">\n<fieldset class=\"hidden-fields-container\"><input type=\"hidden\" name=\"_wpcf7\" value=\"637\" \/><input type=\"hidden\" name=\"_wpcf7_version\" value=\"6.1\" \/><input type=\"hidden\" name=\"_wpcf7_locale\" value=\"it_IT\" \/><input type=\"hidden\" name=\"_wpcf7_unit_tag\" value=\"wpcf7-f637-o1\" \/><input type=\"hidden\" name=\"_wpcf7_container_post\" value=\"0\" \/><input type=\"hidden\" name=\"_wpcf7_posted_data_hash\" value=\"\" \/><input type=\"hidden\" name=\"_wpcf7_recaptcha_response\" value=\"\" \/>\n<\/fieldset>\n<p><label> Il tuo nome<br \/>\n<span class=\"wpcf7-form-control-wrap\" data-name=\"your-name\"><input size=\"40\" maxlength=\"400\" class=\"wpcf7-form-control wpcf7-text wpcf7-validates-as-required\" autocomplete=\"name\" aria-required=\"true\" aria-invalid=\"false\" value=\"\" type=\"text\" name=\"your-name\" \/><\/span> <\/label>\n<\/p>\n<p><label> La tua email<br \/>\n<span class=\"wpcf7-form-control-wrap\" data-name=\"your-email\"><input size=\"40\" maxlength=\"400\" class=\"wpcf7-form-control wpcf7-email wpcf7-validates-as-required wpcf7-text wpcf7-validates-as-email\" autocomplete=\"email\" aria-required=\"true\" aria-invalid=\"false\" value=\"\" type=\"email\" name=\"your-email\" \/><\/span> <\/label>\n<\/p>\n<p><label> Data\/ora desiderata per una riunione<br \/>\n<span class=\"wpcf7-form-control-wrap\" data-name=\"your-subject\"><input size=\"40\" maxlength=\"400\" class=\"wpcf7-form-control wpcf7-text wpcf7-validates-as-required\" aria-required=\"true\" aria-invalid=\"false\" value=\"\" type=\"text\" name=\"your-subject\" \/><\/span> <\/label>\n<\/p>\n<p><label> Il tuo messaggio (facoltativo)<br \/>\n<span class=\"wpcf7-form-control-wrap\" data-name=\"your-message\"><textarea cols=\"40\" rows=\"10\" maxlength=\"2000\" class=\"wpcf7-form-control wpcf7-textarea\" aria-invalid=\"false\" name=\"your-message\"><\/textarea><\/span> <\/label>\n<\/p>\n<p><input class=\"wpcf7-form-control wpcf7-submit has-spinner btn-landing\" type=\"submit\" value=\"Contattaci\" \/>\n<\/p><div class=\"wpcf7-response-output\" aria-hidden=\"true\"><\/div>\n<\/form>\n<\/div>\n\n\n\n\n<p><\/p>\n<\/div>\n<\/div>\n\n\n\n<div class=\"wp-block-columns is-layout-flex wp-container-core-columns-is-layout-9d6595d7 wp-block-columns-is-layout-flex\">\n<div class=\"wp-block-column is-layout-flow wp-block-column-is-layout-flow\">\n<div class=\"wp-block-columns are-vertically-aligned-center is-not-stacked-on-mobile no-margin is-layout-flex wp-container-core-columns-is-layout-9d6595d7 wp-block-columns-is-layout-flex\">\n<div class=\"wp-block-column is-vertically-aligned-center is-layout-flow wp-block-column-is-layout-flow\" style=\"flex-basis:60px\">\n<figure class=\"wp-block-image size-full is-resized\"><img loading=\"lazy\" decoding=\"async\" width=\"640\" height=\"512\" src=\"https:\/\/www.elitek.si\/wp-content\/uploads\/2023\/12\/people-group-1.png\" alt=\"\" class=\"wp-image-501\" style=\"width:60px\" srcset=\"https:\/\/www.elitek.si\/wp-content\/uploads\/2023\/12\/people-group-1.png 640w, https:\/\/www.elitek.si\/wp-content\/uploads\/2023\/12\/people-group-1-300x240.png 300w\" sizes=\"auto, (max-width: 640px) 100vw, 640px\" \/><\/figure>\n<\/div>\n\n\n\n<div class=\"wp-block-column is-vertically-aligned-center is-layout-flow wp-block-column-is-layout-flow\" style=\"flex-basis:80%\">\n<p class=\"has-text-align-left\">Team di sviluppatori dedicati SOLO ad <strong>Adobe\/Magento<\/strong><\/p>\n<\/div>\n<\/div>\n<\/div>\n\n\n\n<div class=\"wp-block-column is-layout-flow wp-block-column-is-layout-flow\">\n<div class=\"wp-block-columns are-vertically-aligned-center is-not-stacked-on-mobile no-margin is-layout-flex wp-container-core-columns-is-layout-9d6595d7 wp-block-columns-is-layout-flex\">\n<div class=\"wp-block-column is-vertically-aligned-center is-layout-flow wp-block-column-is-layout-flow\" style=\"flex-basis:60px\">\n<figure class=\"wp-block-image size-full is-resized\"><img loading=\"lazy\" decoding=\"async\" width=\"512\" height=\"512\" src=\"https:\/\/www.elitek.si\/wp-content\/uploads\/2023\/12\/shield-halved-1.png\" alt=\"\" class=\"wp-image-503\" style=\"width:60px\" srcset=\"https:\/\/www.elitek.si\/wp-content\/uploads\/2023\/12\/shield-halved-1.png 512w, https:\/\/www.elitek.si\/wp-content\/uploads\/2023\/12\/shield-halved-1-300x300.png 300w, https:\/\/www.elitek.si\/wp-content\/uploads\/2023\/12\/shield-halved-1-150x150.png 150w\" sizes=\"auto, (max-width: 512px) 100vw, 512px\" \/><\/figure>\n<\/div>\n\n\n\n<div class=\"wp-block-column is-vertically-aligned-center is-layout-flow wp-block-column-is-layout-flow\" style=\"flex-basis:80%\">\n<p class=\"has-text-align-left\"><strong>Oltre 10 anni di esperienza<\/strong> con Adobe\/Magento eComm.<\/p>\n<\/div>\n<\/div>\n<\/div>\n\n\n\n<div class=\"wp-block-column is-layout-flow wp-block-column-is-layout-flow\">\n<div class=\"wp-block-columns are-vertically-aligned-center is-not-stacked-on-mobile no-margin is-layout-flex wp-container-core-columns-is-layout-9d6595d7 wp-block-columns-is-layout-flex\">\n<div class=\"wp-block-column is-vertically-aligned-center is-layout-flow wp-block-column-is-layout-flow\" style=\"flex-basis:60px\">\n<figure class=\"wp-block-image size-full is-resized\"><img loading=\"lazy\" decoding=\"async\" width=\"512\" height=\"512\" src=\"https:\/\/www.elitek.si\/wp-content\/uploads\/2023\/12\/globe-1.png\" alt=\"\" class=\"wp-image-497\" style=\"width:60px\" srcset=\"https:\/\/www.elitek.si\/wp-content\/uploads\/2023\/12\/globe-1.png 512w, https:\/\/www.elitek.si\/wp-content\/uploads\/2023\/12\/globe-1-300x300.png 300w, https:\/\/www.elitek.si\/wp-content\/uploads\/2023\/12\/globe-1-150x150.png 150w\" sizes=\"auto, (max-width: 512px) 100vw, 512px\" \/><\/figure>\n<\/div>\n\n\n\n<div class=\"wp-block-column is-vertically-aligned-center is-layout-flow wp-block-column-is-layout-flow\" style=\"flex-basis:80%\">\n<p class=\"has-text-align-left\">Agenzia di e-commerce con sede in <strong>Slovenia (Unione Europea)<\/strong><\/p>\n<\/div>\n<\/div>\n<\/div>\n<\/div>\n\n\n\n<p><br><\/p>\n\n\n\n<hr class=\"wp-block-separator has-text-color has-alpha-channel-opacity has-background is-style-default\" style=\"background-color:#3c6f8f;color:#3c6f8f\"\/>\n\n\n\n<p><br><\/p>\n\n\n\n<div class=\"wp-block-columns is-layout-flex wp-container-core-columns-is-layout-9d6595d7 wp-block-columns-is-layout-flex\">\n<div class=\"wp-block-column is-layout-flow wp-block-column-is-layout-flow\">\n<h3 class=\"wp-block-heading has-text-align-center\">Scopri altri servizi Magento e Adobe<\/h3>\n<\/div>\n<\/div>\n\n\n\n<div class=\"wp-block-columns is-layout-flex wp-container-core-columns-is-layout-9d6595d7 wp-block-columns-is-layout-flex\">\n<div class=\"wp-block-column is-layout-flow wp-block-column-is-layout-flow\">\n<p><a href=\"https:\/\/www.elitek.si\/it\/adobe-commerce-magento-agenzia-di-sviliuppo\/\">Magento\/Adobe <strong>agenzia di sviluppo<\/strong><\/a><\/p>\n<\/div>\n\n\n\n<div class=\"wp-block-column is-layout-flow wp-block-column-is-layout-flow\">\n<p><a href=\"https:\/\/www.elitek.si\/it\/magento-adobe-commerce-migrazione-1\/\"><strong>Migrazione <\/strong>Magento1 -&gt; Magento2<\/a><\/p>\n<\/div>\n\n\n\n<div class=\"wp-block-column is-layout-flow wp-block-column-is-layout-flow\">\n<p><a href=\"https:\/\/www.elitek.si\/it\/magento-adobe-commerce-ottimizzazione-velocita\/\"><strong>Ottimizzazione velocit\u00e0<\/strong> Magento\/Adobe<\/a><\/p>\n<\/div>\n\n\n\n<div class=\"wp-block-column is-layout-flow wp-block-column-is-layout-flow\">\n<p><a href=\"https:\/\/www.elitek.si\/it\/magento-adobe-commerce-aggiornamento-della-sicurezza\/\"><strong>Aggiornamenti siti<\/strong> Magento\/Adobe<\/a><\/p>\n<\/div>\n\n\n\n<div class=\"wp-block-column is-layout-flow wp-block-column-is-layout-flow\">\n<p><a href=\"https:\/\/www.elitek.si\/it\/sviluppo-moduli-custom-magento-adobe-commerce\/\"><strong>Sviluppo moduli custom<\/strong> Magento\/Adobe<\/a><\/p>\n<\/div>\n<\/div>\n","protected":false},"excerpt":{"rendered":"<p>AdobeCommerce\/Magento Integrazione del sistema Migliora l\u2019efficacia e collega il Vostro negozio Magento con ERP, CRM, PIM e altri sistemi di terzi tramite API. Sincronizza ordini, inventari, clienti, coupon, dati di marketing e qualsiasi altra entit\u00e0. Siamo esperti in: Vantaggi per la vostra attivit\u00e0 di e-commerce Riduzione dei costi di propriet\u00e0 con l\u2019integrazione completa di e-commerce [&hellip;]<\/p>\n","protected":false},"author":2,"featured_media":0,"parent":0,"menu_order":0,"comment_status":"closed","ping_status":"closed","template":"PageLanding.php","meta":{"_acf_changed":false,"footnotes":""},"class_list":["post-883","page","type-page","status-publish","hentry"],"acf":[],"_links":{"self":[{"href":"https:\/\/www.elitek.si\/it\/wp-json\/wp\/v2\/pages\/883","targetHints":{"allow":["GET"]}}],"collection":[{"href":"https:\/\/www.elitek.si\/it\/wp-json\/wp\/v2\/pages"}],"about":[{"href":"https:\/\/www.elitek.si\/it\/wp-json\/wp\/v2\/types\/page"}],"author":[{"embeddable":true,"href":"https:\/\/www.elitek.si\/it\/wp-json\/wp\/v2\/users\/2"}],"replies":[{"embeddable":true,"href":"https:\/\/www.elitek.si\/it\/wp-json\/wp\/v2\/comments?post=883"}],"version-history":[{"count":12,"href":"https:\/\/www.elitek.si\/it\/wp-json\/wp\/v2\/pages\/883\/revisions"}],"predecessor-version":[{"id":1933,"href":"https:\/\/www.elitek.si\/it\/wp-json\/wp\/v2\/pages\/883\/revisions\/1933"}],"wp:attachment":[{"href":"https:\/\/www.elitek.si\/it\/wp-json\/wp\/v2\/media?parent=883"}],"curies":[{"name":"wp","href":"https:\/\/api.w.org\/{rel}","templated":true}]}}