{"id":1102,"date":"2024-03-05T19:11:29","date_gmt":"2024-03-05T19:11:29","guid":{"rendered":"https:\/\/www.elitek.si\/?page_id=1102"},"modified":"2024-03-05T20:23:05","modified_gmt":"2024-03-05T20:23:05","slug":"nadgradnja-spletne-trgovine","status":"publish","type":"page","link":"https:\/\/www.elitek.si\/sl\/nadgradnja-spletne-trgovine\/","title":{"rendered":"Nadgradnja spletne trgovine"},"content":{"rendered":"\n<h2 class=\"wp-block-heading\"><span class=\"elitek-strong\">Dobrodo\u0161li v Elitek.<\/span><br><span class=\"elitek-strong\">Va\u0161 partner za nadgradnjo spletne trgovine!<\/span><\/h2>\n\n\n\n<div class=\"wp-block-columns is-layout-flex wp-container-core-columns-is-layout-9d6595d7 wp-block-columns-is-layout-flex\">\n<div class=\"wp-block-column is-layout-flow wp-block-column-is-layout-flow\">\n<h3 class=\"wp-block-heading\">Ali va\u0161a spletna trgovina potrebuje sve\u017e veter? <span class=\"elitek-strong\">Izkoristite sodobne tehnologije za \u0161e ve\u010djo rast ter zni\u017eajte stro\u0161ke upravljanja. <\/span><\/h3>\n\n\n\n<p>\u010ce ste \u017ee dosegli dolo\u010deno rast v va\u0161em spletnem poslu in \u010dutite, da je \u010das za naslednji korak, ste na pravem mestu!<br> <\/p>\n\n\n\n<p> <\/p><br>\n\n\n\n<p><\/p>\n\n\n\n<p><\/p>\n\n\n\n<div class=\"wp-block-columns is-not-stacked-on-mobile no-margin is-layout-flex wp-container-core-columns-is-layout-9d6595d7 wp-block-columns-is-layout-flex\">\n<div class=\"wp-block-column is-vertically-aligned-top is-layout-flow wp-block-column-is-layout-flow\" style=\"flex-basis:40px\">\n<figure class=\"wp-block-image size-full is-resized mt-20\"><img loading=\"lazy\" decoding=\"async\" width=\"512\" height=\"512\" src=\"https:\/\/www.elitek.si\/wp-content\/uploads\/2024\/03\/rocket-1.png\" alt=\"\" class=\"wp-image-1137\" style=\"width:40px\" srcset=\"https:\/\/www.elitek.si\/wp-content\/uploads\/2024\/03\/rocket-1.png 512w, https:\/\/www.elitek.si\/wp-content\/uploads\/2024\/03\/rocket-1-300x300.png 300w, https:\/\/www.elitek.si\/wp-content\/uploads\/2024\/03\/rocket-1-150x150.png 150w\" sizes=\"auto, (max-width: 512px) 100vw, 512px\" \/><\/figure>\n<\/div>\n\n\n\n<div class=\"wp-block-column is-vertically-aligned-center is-layout-flow wp-block-column-is-layout-flow\" style=\"flex-basis:80%\">\n<h3 class=\"wp-block-heading\"><strong>Izkoristite nove tehnologije, kot so AI, avtomatizacija, pametni iskalniki ipd.<\/strong><\/h3>\n\n\n\n<p>Od kar ste postavili va\u0161o trenutno trgovino so se pojavile popolnoma nove tehnologije, ki prina\u0161ajo velikanske prednosti. AI olaj\u0161a izdelavo vsebin. Avtomatizacija pove\u010da doseg, izbolj\u0161a stik s kupci in bistveno zmanj\u0161a stro\u0161ke. Pred-pomnjenje pohitri spletno trgovino, in \u0161e bi lahko na\u0161tevali!<\/p>\n<\/div>\n<\/div>\n\n\n\n<div class=\"wp-block-columns is-not-stacked-on-mobile no-margin is-layout-flex wp-container-core-columns-is-layout-9d6595d7 wp-block-columns-is-layout-flex\">\n<div class=\"wp-block-column is-vertically-aligned-top is-layout-flow wp-block-column-is-layout-flow\" style=\"flex-basis:40px\">\n<figure class=\"wp-block-image size-full is-resized mt-20\"><img loading=\"lazy\" decoding=\"async\" width=\"576\" height=\"512\" src=\"https:\/\/www.elitek.si\/wp-content\/uploads\/2024\/01\/sitemap-1.png\" alt=\"\" class=\"wp-image-570\" style=\"width:40px\" srcset=\"https:\/\/www.elitek.si\/wp-content\/uploads\/2024\/01\/sitemap-1.png 576w, https:\/\/www.elitek.si\/wp-content\/uploads\/2024\/01\/sitemap-1-300x267.png 300w\" sizes=\"auto, (max-width: 576px) 100vw, 576px\" \/><\/figure>\n<\/div>\n\n\n\n<div class=\"wp-block-column is-vertically-aligned-center is-layout-flow wp-block-column-is-layout-flow\" style=\"flex-basis:80%\">\n<h3 class=\"wp-block-heading\"><strong>Pove\u017eite trgovino z ra\u010dunovodskim \/ ERP Sistemom za brezhibno poslovanje<\/strong><\/h3>\n\n\n\n<p>Izbolj\u0161ajte u\u010dinkovitost s sistemsko ERP integracijo in sinhronizirajte kupce, naro\u010dila, zaloge, cene v realnem \u010dasu. Ni\u010d ve\u010d napak in ro\u010dnega prepisovanja.<\/p>\n<\/div>\n<\/div>\n\n\n\n<div class=\"wp-block-columns is-not-stacked-on-mobile no-margin is-layout-flex wp-container-core-columns-is-layout-9d6595d7 wp-block-columns-is-layout-flex\">\n<div class=\"wp-block-column is-vertically-aligned-top is-layout-flow wp-block-column-is-layout-flow\" style=\"flex-basis:40px\">\n<figure class=\"wp-block-image size-full is-resized mt-20\"><img loading=\"lazy\" decoding=\"async\" width=\"512\" height=\"512\" src=\"https:\/\/www.elitek.si\/wp-content\/uploads\/2024\/03\/magnifying-glass-1.png\" alt=\"\" class=\"wp-image-1130\" style=\"width:40px\" srcset=\"https:\/\/www.elitek.si\/wp-content\/uploads\/2024\/03\/magnifying-glass-1.png 512w, https:\/\/www.elitek.si\/wp-content\/uploads\/2024\/03\/magnifying-glass-1-300x300.png 300w, https:\/\/www.elitek.si\/wp-content\/uploads\/2024\/03\/magnifying-glass-1-150x150.png 150w\" sizes=\"auto, (max-width: 512px) 100vw, 512px\" \/><\/figure>\n<\/div>\n\n\n\n<div class=\"wp-block-column is-vertically-aligned-center is-layout-flow wp-block-column-is-layout-flow\" style=\"flex-basis:80%\">\n<h3 class=\"wp-block-heading\"><strong>Prenos (Google) Page Rankinga: Ohranite svoj polo\u017eaj <\/strong><\/h3>\n\n\n\n<p>Ne izgubite \u017ee pridobljenega? Prenesli bomo va\u0161 obstoje\u010di page ranking in URL strukturo. Ne dovolite, da nadgradnja vpliva na va\u0161o vidnost na iskalnikih.<\/p>\n<\/div>\n<\/div>\n\n\n\n<div class=\"wp-block-columns is-not-stacked-on-mobile no-margin is-layout-flex wp-container-core-columns-is-layout-9d6595d7 wp-block-columns-is-layout-flex\">\n<div class=\"wp-block-column is-vertically-aligned-top is-layout-flow wp-block-column-is-layout-flow\" style=\"flex-basis:40px\">\n<figure class=\"wp-block-image size-full is-resized mt-20\"><img loading=\"lazy\" decoding=\"async\" width=\"512\" height=\"512\" src=\"https:\/\/www.elitek.si\/wp-content\/uploads\/2024\/03\/code-compare-1.png\" alt=\"\" class=\"wp-image-1127\" style=\"width:40px;height:auto\" srcset=\"https:\/\/www.elitek.si\/wp-content\/uploads\/2024\/03\/code-compare-1.png 512w, https:\/\/www.elitek.si\/wp-content\/uploads\/2024\/03\/code-compare-1-300x300.png 300w, https:\/\/www.elitek.si\/wp-content\/uploads\/2024\/03\/code-compare-1-150x150.png 150w\" sizes=\"auto, (max-width: 512px) 100vw, 512px\" \/><\/figure>\n<\/div>\n\n\n\n<div class=\"wp-block-column is-vertically-aligned-center is-layout-flow wp-block-column-is-layout-flow\" style=\"flex-basis:80%\">\n<h3 class=\"wp-block-heading has-text-align-left\"><strong>Prenos obstoje\u010dih funkcionalnosti: Trgovina prilagojena va\u0161emu poslu<\/strong> (in ne obratno)<\/h3>\n\n\n\n<p>Pregledali bomo vse kar trenutno uporabljate in poskrbeli, da bo temu tako tudi v prihodnosti.<\/p>\n<\/div>\n<\/div>\n\n\n\n<div class=\"wp-block-columns is-not-stacked-on-mobile no-margin is-layout-flex wp-container-core-columns-is-layout-9d6595d7 wp-block-columns-is-layout-flex\">\n<div class=\"wp-block-column is-vertically-aligned-top is-layout-flow wp-block-column-is-layout-flow\" style=\"flex-basis:40px\">\n<figure class=\"wp-block-image size-full is-resized mt-20\"><img loading=\"lazy\" decoding=\"async\" width=\"512\" height=\"512\" src=\"https:\/\/www.elitek.si\/wp-content\/uploads\/2024\/03\/chart-line-2.png\" alt=\"\" class=\"wp-image-1133\" style=\"width:40px\" srcset=\"https:\/\/www.elitek.si\/wp-content\/uploads\/2024\/03\/chart-line-2.png 512w, https:\/\/www.elitek.si\/wp-content\/uploads\/2024\/03\/chart-line-2-300x300.png 300w, https:\/\/www.elitek.si\/wp-content\/uploads\/2024\/03\/chart-line-2-150x150.png 150w\" sizes=\"auto, (max-width: 512px) 100vw, 512px\" \/><\/figure>\n<\/div>\n\n\n\n<div class=\"wp-block-column is-vertically-aligned-center is-layout-flow wp-block-column-is-layout-flow\" style=\"flex-basis:80%\">\n<h3 class=\"wp-block-heading\"><strong>Prenos Google Analitike: Podatki so klju\u010d do uspeha<\/strong><\/h3>\n\n\n\n<p>Va\u0161 uspeh se za\u010dne z razumevanjem va\u0161ih strank. Prenesite obstoje\u010de podatke Google Analitike in poglobljeno analizirajte vedenje strank. Z nadgradnjo analitike boste dobili natan\u010den vpogled, ki bo vodil k bolj\u0161im odlo\u010ditvam in ve\u010djemu uspehu.<\/p>\n<\/div>\n<\/div>\n\n\n\n<p><\/p>\n<\/div>\n\n\n\n<div class=\"wp-block-column is-layout-flow wp-block-column-is-layout-flow\">\n<h3 class=\"wp-block-heading\"><span class=\"elitek-strong\">Rezervirajte termin<\/span> za brezpla\u010dni posvet<br><\/h3>\n\n\n\n<p>Imamo 10+ letne izku\u0161nje z razvojem, vzdr\u017eevanjem in upravljanjem kompleksnih spletnih trgovin, ki <strong>ustvarjajo stotine naro\u010dil dnevno in servisirajo kupce na globalnih trg.<\/strong><\/p>\n\n\n\n<p>Skupaj bomo pregledali va\u0161e obstoje\u010de stanje in ocenili mo\u017enosti za nadgradnjo.<\/p>\n\n\n\n<p class=\"wpcf7-contact-form-not-found\"><strong>Error:<\/strong> Contact form not found.<\/p>\n\n\n\n<p><\/p>\n<\/div>\n<\/div>\n\n\n\n<hr class=\"wp-block-separator has-text-color has-alpha-channel-opacity has-background is-style-default\" style=\"background-color:#3c6f8f;color:#3c6f8f\"\/>\n\n\n\n<div class=\"wp-block-columns is-layout-flex wp-container-core-columns-is-layout-9d6595d7 wp-block-columns-is-layout-flex\">\n<div class=\"wp-block-column is-layout-flow wp-block-column-is-layout-flow\">\n<div class=\"wp-block-columns are-vertically-aligned-center is-not-stacked-on-mobile no-margin is-layout-flex wp-container-core-columns-is-layout-9d6595d7 wp-block-columns-is-layout-flex\">\n<div class=\"wp-block-column is-vertically-aligned-center is-layout-flow wp-block-column-is-layout-flow\" style=\"flex-basis:60px\">\n<figure class=\"wp-block-image size-full is-resized\"><img loading=\"lazy\" decoding=\"async\" width=\"640\" height=\"512\" src=\"https:\/\/www.elitek.si\/wp-content\/uploads\/2023\/12\/people-group-1.png\" alt=\"\" class=\"wp-image-501\" style=\"width:60px\" srcset=\"https:\/\/www.elitek.si\/wp-content\/uploads\/2023\/12\/people-group-1.png 640w, https:\/\/www.elitek.si\/wp-content\/uploads\/2023\/12\/people-group-1-300x240.png 300w\" sizes=\"auto, (max-width: 640px) 100vw, 640px\" \/><\/figure>\n<\/div>\n\n\n\n<div class=\"wp-block-column is-vertically-aligned-center is-layout-flow wp-block-column-is-layout-flow\" style=\"flex-basis:80%\">\n<p class=\"has-text-align-left\"><strong>Ekipa strokovnjakov in razvijalcev <\/strong>izklju\u010dno na podro\u010dju eCommerce-a.<\/p>\n<\/div>\n<\/div>\n<\/div>\n\n\n\n<div class=\"wp-block-column is-layout-flow wp-block-column-is-layout-flow\">\n<div class=\"wp-block-columns are-vertically-aligned-center is-not-stacked-on-mobile no-margin is-layout-flex wp-container-core-columns-is-layout-9d6595d7 wp-block-columns-is-layout-flex\">\n<div class=\"wp-block-column is-vertically-aligned-center is-layout-flow wp-block-column-is-layout-flow\" style=\"flex-basis:60px\">\n<figure class=\"wp-block-image size-full is-resized\"><img loading=\"lazy\" decoding=\"async\" width=\"512\" height=\"512\" src=\"https:\/\/www.elitek.si\/wp-content\/uploads\/2023\/12\/shield-halved-1.png\" alt=\"\" class=\"wp-image-503\" style=\"width:60px\" srcset=\"https:\/\/www.elitek.si\/wp-content\/uploads\/2023\/12\/shield-halved-1.png 512w, https:\/\/www.elitek.si\/wp-content\/uploads\/2023\/12\/shield-halved-1-300x300.png 300w, https:\/\/www.elitek.si\/wp-content\/uploads\/2023\/12\/shield-halved-1-150x150.png 150w\" sizes=\"auto, (max-width: 512px) 100vw, 512px\" \/><\/figure>\n<\/div>\n\n\n\n<div class=\"wp-block-column is-vertically-aligned-center is-layout-flow wp-block-column-is-layout-flow\" style=\"flex-basis:80%\">\n<p class=\"has-text-align-left\"><strong>10+ let izku\u0161enj<\/strong> z razvojem Adobe Commerce in Magento.<\/p>\n<\/div>\n<\/div>\n<\/div>\n\n\n\n<div class=\"wp-block-column is-layout-flow wp-block-column-is-layout-flow\">\n<div class=\"wp-block-columns are-vertically-aligned-center is-not-stacked-on-mobile no-margin is-layout-flex wp-container-core-columns-is-layout-9d6595d7 wp-block-columns-is-layout-flex\">\n<div class=\"wp-block-column is-vertically-aligned-center is-layout-flow wp-block-column-is-layout-flow\" style=\"flex-basis:60px\">\n<figure class=\"wp-block-image size-full is-resized\"><img loading=\"lazy\" decoding=\"async\" width=\"512\" height=\"512\" src=\"https:\/\/www.elitek.si\/wp-content\/uploads\/2023\/12\/globe-1.png\" alt=\"\" class=\"wp-image-497\" style=\"width:60px\" srcset=\"https:\/\/www.elitek.si\/wp-content\/uploads\/2023\/12\/globe-1.png 512w, https:\/\/www.elitek.si\/wp-content\/uploads\/2023\/12\/globe-1-300x300.png 300w, https:\/\/www.elitek.si\/wp-content\/uploads\/2023\/12\/globe-1-150x150.png 150w\" sizes=\"auto, (max-width: 512px) 100vw, 512px\" \/><\/figure>\n<\/div>\n\n\n\n<div class=\"wp-block-column is-vertically-aligned-center is-layout-flow wp-block-column-is-layout-flow\" style=\"flex-basis:80%\">\n<p class=\"has-text-align-left\">Spletna agencija s sede\u017eem v Sloveniji (Evropska unija).<\/p>\n<\/div>\n<\/div>\n<\/div>\n<\/div>\n","protected":false},"excerpt":{"rendered":"<p>Dobrodo\u0161li v Elitek.Va\u0161 partner za nadgradnjo spletne trgovine! Ali va\u0161a spletna trgovina potrebuje sve\u017e veter? Izkoristite sodobne tehnologije za \u0161e ve\u010djo rast ter zni\u017eajte stro\u0161ke upravljanja. \u010ce ste \u017ee dosegli dolo\u010deno rast v va\u0161em spletnem poslu in \u010dutite, da je \u010das za naslednji korak, ste na pravem mestu! Izkoristite nove tehnologije, kot so AI, avtomatizacija, [&hellip;]<\/p>\n","protected":false},"author":2,"featured_media":0,"parent":0,"menu_order":0,"comment_status":"closed","ping_status":"closed","template":"PageLanding.php","meta":{"_acf_changed":false,"footnotes":""},"class_list":["post-1102","page","type-page","status-publish","hentry"],"acf":[],"_links":{"self":[{"href":"https:\/\/www.elitek.si\/sl\/wp-json\/wp\/v2\/pages\/1102","targetHints":{"allow":["GET"]}}],"collection":[{"href":"https:\/\/www.elitek.si\/sl\/wp-json\/wp\/v2\/pages"}],"about":[{"href":"https:\/\/www.elitek.si\/sl\/wp-json\/wp\/v2\/types\/page"}],"author":[{"embeddable":true,"href":"https:\/\/www.elitek.si\/sl\/wp-json\/wp\/v2\/users\/2"}],"replies":[{"embeddable":true,"href":"https:\/\/www.elitek.si\/sl\/wp-json\/wp\/v2\/comments?post=1102"}],"version-history":[{"count":49,"href":"https:\/\/www.elitek.si\/sl\/wp-json\/wp\/v2\/pages\/1102\/revisions"}],"predecessor-version":[{"id":1179,"href":"https:\/\/www.elitek.si\/sl\/wp-json\/wp\/v2\/pages\/1102\/revisions\/1179"}],"wp:attachment":[{"href":"https:\/\/www.elitek.si\/sl\/wp-json\/wp\/v2\/media?parent=1102"}],"curies":[{"name":"wp","href":"https:\/\/api.w.org\/{rel}","templated":true}]}}