{"id":629,"date":"2024-01-01T20:01:52","date_gmt":"2024-01-01T20:01:52","guid":{"rendered":"https:\/\/www.elitek.si\/adobe-magento-sistemska-integracija\/"},"modified":"2025-07-02T08:06:59","modified_gmt":"2025-07-02T08:06:59","slug":"adobe-magento-sistemska-integracija","status":"publish","type":"page","link":"https:\/\/www.elitek.si\/sl\/adobe-magento-sistemska-integracija\/","title":{"rendered":"Adobe Commerce \/ Magento sistemska integracija (Saop, Vasco, Microsoft, in drugi ERP)"},"content":{"rendered":"\n<h2 class=\"wp-block-heading\"><span class=\"elitek-strong\">Adobe Commerce \/ Magento<\/span><br>\r\nSistemska integracija<\/h2>\n\n\n\n<div class=\"wp-block-columns is-layout-flex wp-container-core-columns-is-layout-9d6595d7 wp-block-columns-is-layout-flex\">\n<div class=\"wp-block-column is-layout-flow wp-block-column-is-layout-flow\">\n<h3 class=\"wp-block-heading\">Izbolj\u0161ajte u\u010dinkovitost in pove\u017eite svojo Adobe \/ Magento spletno trgovino z ERP, CRM, PIM in drugimi sistemi prek API-ja.<\/h3>\n\n\n\n<h3>Sinhronizirajte <span class=\"elitek-strong\"> naro\u010dila, zalogo, kupce, kupone, <\/span>in katerekoli <span class=\"elitek-strong\">druge podatke, ki so pomembni.<\/span> <\/h3>\n\n\n\n<p>Imamo izku\u0161nje z:<\/p>\n\n\n\n<ul class=\"wp-block-list\">\n<li><strong>Integracijo ERP sistemov<\/strong> (Microsoft Dynamics, VASCO, Pantheon, SAOP itd.).<\/li>\n\n\n\n<li><strong>Integracija CRM sistemov<\/strong> (OroCrm, Sales force itd.).<\/li>\n\n\n\n<li><strong>Integracija PIM sistemov<\/strong> (Akeneo).<\/li>\n\n\n\n<li>Integracija z <strong>lokalnimi dostavnimi slu\u017ebami<\/strong><\/li>\n\n\n\n<li>Integracija<strong> Googlovih storitev (server-side)<\/strong>, kot npr. Google Analytics in GTM.<\/li>\n\n\n\n<li>Druge <strong>API integracije<\/strong> in integracije preko JSON, CSV in SQL.<\/li>\n<\/ul>\n\n\n\n<p><br><\/p>\n\n\n\n<h3 class=\"wp-block-heading\">Prednosti za va\u0161 eCommerce posel<\/h3>\n\n\n\n<div class=\"wp-block-columns are-vertically-aligned-center is-not-stacked-on-mobile no-margin is-layout-flex wp-container-core-columns-is-layout-9d6595d7 wp-block-columns-is-layout-flex\">\n<div class=\"wp-block-column is-vertically-aligned-center is-layout-flow wp-block-column-is-layout-flow\" style=\"flex-basis:40px\">\n<figure class=\"wp-block-image size-full is-resized\"><img loading=\"lazy\" decoding=\"async\" width=\"512\" height=\"512\" src=\"https:\/\/www.elitek.si\/wp-content\/uploads\/2024\/01\/sack-dollar-1-2.png\" alt=\"\" class=\"wp-image-558\" style=\"width:40px;height:auto\" srcset=\"https:\/\/www.elitek.si\/wp-content\/uploads\/2024\/01\/sack-dollar-1-2.png 512w, https:\/\/www.elitek.si\/wp-content\/uploads\/2024\/01\/sack-dollar-1-2-300x300.png 300w, https:\/\/www.elitek.si\/wp-content\/uploads\/2024\/01\/sack-dollar-1-2-150x150.png 150w\" sizes=\"auto, (max-width: 512px) 100vw, 512px\" \/><\/figure>\n<\/div>\n\n\n\n<div class=\"wp-block-column is-vertically-aligned-center is-layout-flow wp-block-column-is-layout-flow\" style=\"flex-basis:80%\">\n<p class=\"has-text-align-left\"><strong>Zmanj\u0161ajte stro\u0161ke obratovanja<\/strong> s popolno integracijo spletne trogvine z drugimi sistemi.<\/p>\n<\/div>\n<\/div>\n\n\n\n<div class=\"wp-block-columns are-vertically-aligned-center is-not-stacked-on-mobile no-margin is-layout-flex wp-container-core-columns-is-layout-9d6595d7 wp-block-columns-is-layout-flex\">\n<div class=\"wp-block-column is-vertically-aligned-center is-layout-flow wp-block-column-is-layout-flow\" style=\"flex-basis:40px\">\n<figure class=\"wp-block-image size-full is-resized\"><img loading=\"lazy\" decoding=\"async\" width=\"640\" height=\"512\" src=\"https:\/\/www.elitek.si\/wp-content\/uploads\/2024\/01\/gears-1-2.png\" alt=\"\" class=\"wp-image-554\" style=\"width:40px\" srcset=\"https:\/\/www.elitek.si\/wp-content\/uploads\/2024\/01\/gears-1-2.png 640w, https:\/\/www.elitek.si\/wp-content\/uploads\/2024\/01\/gears-1-2-300x240.png 300w\" sizes=\"auto, (max-width: 640px) 100vw, 640px\" \/><\/figure>\n<\/div>\n\n\n\n<div class=\"wp-block-column is-vertically-aligned-center is-layout-flow wp-block-column-is-layout-flow\" style=\"flex-basis:80%\">\n<p class=\"has-text-align-left\"><strong>Avtomatizirajte ponavljajo\u010de se naloge<\/strong> in se osredoto\u010dite samo na tisto, kar je pomembno.<\/p>\n<\/div>\n<\/div>\n\n\n\n<div class=\"wp-block-columns are-vertically-aligned-center is-not-stacked-on-mobile no-margin is-layout-flex wp-container-core-columns-is-layout-9d6595d7 wp-block-columns-is-layout-flex\">\n<div class=\"wp-block-column is-vertically-aligned-center is-layout-flow wp-block-column-is-layout-flow\" style=\"flex-basis:40px\">\n<figure class=\"wp-block-image size-full is-resized\"><img loading=\"lazy\" decoding=\"async\" width=\"576\" height=\"512\" src=\"https:\/\/www.elitek.si\/wp-content\/uploads\/2024\/01\/person-circle-exclamation-1-2.png\" alt=\"\" class=\"wp-image-556\" style=\"width:40px\" srcset=\"https:\/\/www.elitek.si\/wp-content\/uploads\/2024\/01\/person-circle-exclamation-1-2.png 576w, https:\/\/www.elitek.si\/wp-content\/uploads\/2024\/01\/person-circle-exclamation-1-2-300x267.png 300w\" sizes=\"auto, (max-width: 576px) 100vw, 576px\" \/><\/figure>\n<\/div>\n\n\n\n<div class=\"wp-block-column is-vertically-aligned-center is-layout-flow wp-block-column-is-layout-flow\" style=\"flex-basis:80%\">\n<p class=\"has-text-align-left\"><strong>Izognite se \u010dlove\u0161kim napakam<\/strong> v delovnem procesu.<\/p>\n<\/div>\n<\/div>\n\n\n\n<p><\/p>\n<\/div>\n\n\n\n<div class=\"wp-block-column is-layout-flow wp-block-column-is-layout-flow\">\n<h3 class=\"wp-block-heading\"><span class=\"elitek-strong\">Rezervirajte termin<\/span><br> za\r\nuvodni sestanek!<\/h3>\n\n\n\n<p>Pogovorimo se skupaj, kako lahko pomagamo va\u0161emu online poslu.<\/p>\n\n\n\n\n<div class=\"wpcf7 no-js\" id=\"wpcf7-f360-o1\" lang=\"sl-SI\" dir=\"ltr\" data-wpcf7-id=\"360\">\n<div class=\"screen-reader-response\"><p role=\"status\" aria-live=\"polite\" aria-atomic=\"true\"><\/p> <ul><\/ul><\/div>\n<form action=\"\/sl\/wp-json\/wp\/v2\/pages\/629#wpcf7-f360-o1\" method=\"post\" class=\"wpcf7-form init\" aria-label=\"Contact form\" novalidate=\"novalidate\" data-status=\"init\">\n<fieldset class=\"hidden-fields-container\"><input type=\"hidden\" name=\"_wpcf7\" value=\"360\" \/><input type=\"hidden\" name=\"_wpcf7_version\" value=\"6.1\" \/><input type=\"hidden\" name=\"_wpcf7_locale\" value=\"sl_SI\" \/><input type=\"hidden\" name=\"_wpcf7_unit_tag\" value=\"wpcf7-f360-o1\" \/><input type=\"hidden\" name=\"_wpcf7_container_post\" value=\"0\" \/><input type=\"hidden\" name=\"_wpcf7_posted_data_hash\" value=\"\" \/><input type=\"hidden\" name=\"_wpcf7_recaptcha_response\" value=\"\" \/>\n<\/fieldset>\n<div class=\"container\">\n\t<div class=\"row\">\n\t\t<div class=\"field\">\n\t\t\t<p><label>Ime in Priimek<\/label><span class=\"wpcf7-form-control-wrap\" data-name=\"your-name\"><input size=\"40\" maxlength=\"400\" class=\"wpcf7-form-control wpcf7-text wpcf7-validates-as-required\" autocomplete=\"name\" aria-required=\"true\" aria-invalid=\"false\" value=\"\" type=\"text\" name=\"your-name\" \/><\/span>\n\t\t\t<\/p>\n\t\t<\/div>\n\t\t<div class=\"field\">\n\t\t\t<p><label>Email<\/label><span class=\"wpcf7-form-control-wrap\" data-name=\"your-email\"><input size=\"40\" maxlength=\"400\" class=\"wpcf7-form-control wpcf7-email wpcf7-validates-as-required wpcf7-text wpcf7-validates-as-email\" autocomplete=\"email\" aria-required=\"true\" aria-invalid=\"false\" value=\"\" type=\"email\" name=\"your-email\" \/><\/span>\n\t\t\t<\/p>\n\t\t<\/div>\n\t\t<div class=\"field\">\n\t\t\t<p><label>Podjetje<\/label><span class=\"wpcf7-form-control-wrap\" data-name=\"company\"><input size=\"40\" maxlength=\"400\" class=\"wpcf7-form-control wpcf7-text\" aria-invalid=\"false\" value=\"\" type=\"text\" name=\"company\" \/><\/span>\n\t\t\t<\/p>\n\t\t<\/div>\n\t\t<div class=\"field\">\n\t\t\t<p><label>Telefon<\/label><span class=\"wpcf7-form-control-wrap\" data-name=\"tel-337\"><input size=\"40\" maxlength=\"400\" class=\"wpcf7-form-control wpcf7-tel wpcf7-validates-as-required wpcf7-text wpcf7-validates-as-tel\" aria-required=\"true\" aria-invalid=\"false\" value=\"\" type=\"tel\" name=\"tel-337\" \/><\/span>\n\t\t\t<\/p>\n\t\t<\/div>\n\t<\/div>\n\t<div class=\"row\">\n\t\t<div class=\"field\">\n\t\t\t<p><label>Va\u0161e sporo\u010dilo<\/label><span class=\"wpcf7-form-control-wrap\" data-name=\"your-message\"><textarea cols=\"40\" rows=\"10\" maxlength=\"2000\" class=\"wpcf7-form-control wpcf7-textarea wpcf7-validates-as-required\" aria-required=\"true\" aria-invalid=\"false\" name=\"your-message\"><\/textarea><\/span>\n\t\t\t<\/p>\n\t\t<\/div>\n\t<\/div>\n<\/div>\n<p><input class=\"wpcf7-form-control wpcf7-submit has-spinner button btn-primary\" type=\"submit\" value=\"Po\u0161lji sporo\u010dilo\" \/>\n<\/p><div class=\"wpcf7-response-output\" aria-hidden=\"true\"><\/div>\n<\/form>\n<\/div>\n\n\n\n\n<p><\/p>\n<\/div>\n<\/div>\n\n\n\n<hr class=\"wp-block-separator has-text-color has-alpha-channel-opacity has-background is-style-default\" style=\"background-color:#3c6f8f;color:#3c6f8f\"\/>\n\n\n\n<div class=\"wp-block-columns is-layout-flex wp-container-core-columns-is-layout-9d6595d7 wp-block-columns-is-layout-flex\">\n<div class=\"wp-block-column is-layout-flow wp-block-column-is-layout-flow\">\n<div class=\"wp-block-columns are-vertically-aligned-center is-not-stacked-on-mobile no-margin is-layout-flex wp-container-core-columns-is-layout-9d6595d7 wp-block-columns-is-layout-flex\">\n<div class=\"wp-block-column is-vertically-aligned-center is-layout-flow wp-block-column-is-layout-flow\" style=\"flex-basis:60px\">\n<figure class=\"wp-block-image size-full is-resized\"><img loading=\"lazy\" decoding=\"async\" width=\"640\" height=\"512\" src=\"https:\/\/www.elitek.si\/wp-content\/uploads\/2023\/12\/people-group-1.png\" alt=\"\" class=\"wp-image-501\" style=\"width:60px\" srcset=\"https:\/\/www.elitek.si\/wp-content\/uploads\/2023\/12\/people-group-1.png 640w, https:\/\/www.elitek.si\/wp-content\/uploads\/2023\/12\/people-group-1-300x240.png 300w\" sizes=\"auto, (max-width: 640px) 100vw, 640px\" \/><\/figure>\n<\/div>\n\n\n\n<div class=\"wp-block-column is-vertically-aligned-center is-layout-flow wp-block-column-is-layout-flow\" style=\"flex-basis:80%\">\n<p class=\"has-text-align-left\"><strong>SAMO Adobe Commerce \/ Magento<\/strong> strokovnjaki in razvijalci.<\/p>\n<\/div>\n<\/div>\n<\/div>\n\n\n\n<div class=\"wp-block-column is-layout-flow wp-block-column-is-layout-flow\">\n<div class=\"wp-block-columns are-vertically-aligned-center is-not-stacked-on-mobile no-margin is-layout-flex wp-container-core-columns-is-layout-9d6595d7 wp-block-columns-is-layout-flex\">\n<div class=\"wp-block-column is-vertically-aligned-center is-layout-flow wp-block-column-is-layout-flow\" style=\"flex-basis:60px\">\n<figure class=\"wp-block-image size-full is-resized\"><img loading=\"lazy\" decoding=\"async\" width=\"512\" height=\"512\" src=\"https:\/\/www.elitek.si\/wp-content\/uploads\/2023\/12\/shield-halved-1.png\" alt=\"\" class=\"wp-image-503\" style=\"width:60px\" srcset=\"https:\/\/www.elitek.si\/wp-content\/uploads\/2023\/12\/shield-halved-1.png 512w, https:\/\/www.elitek.si\/wp-content\/uploads\/2023\/12\/shield-halved-1-300x300.png 300w, https:\/\/www.elitek.si\/wp-content\/uploads\/2023\/12\/shield-halved-1-150x150.png 150w\" sizes=\"auto, (max-width: 512px) 100vw, 512px\" \/><\/figure>\n<\/div>\n\n\n\n<div class=\"wp-block-column is-vertically-aligned-center is-layout-flow wp-block-column-is-layout-flow\" style=\"flex-basis:80%\">\n<p class=\"has-text-align-left\"><strong>10+ let izku\u0161enj<\/strong> z razvojem Adobe Commerce in Magento.<\/p>\n<\/div>\n<\/div>\n<\/div>\n\n\n\n<div class=\"wp-block-column is-layout-flow wp-block-column-is-layout-flow\">\n<div class=\"wp-block-columns are-vertically-aligned-center is-not-stacked-on-mobile no-margin is-layout-flex wp-container-core-columns-is-layout-9d6595d7 wp-block-columns-is-layout-flex\">\n<div class=\"wp-block-column is-vertically-aligned-center is-layout-flow wp-block-column-is-layout-flow\" style=\"flex-basis:60px\">\n<figure class=\"wp-block-image size-full is-resized\"><img loading=\"lazy\" decoding=\"async\" width=\"512\" height=\"512\" src=\"https:\/\/www.elitek.si\/wp-content\/uploads\/2023\/12\/globe-1.png\" alt=\"\" class=\"wp-image-497\" style=\"width:60px\" srcset=\"https:\/\/www.elitek.si\/wp-content\/uploads\/2023\/12\/globe-1.png 512w, https:\/\/www.elitek.si\/wp-content\/uploads\/2023\/12\/globe-1-300x300.png 300w, https:\/\/www.elitek.si\/wp-content\/uploads\/2023\/12\/globe-1-150x150.png 150w\" sizes=\"auto, (max-width: 512px) 100vw, 512px\" \/><\/figure>\n<\/div>\n\n\n\n<div class=\"wp-block-column is-vertically-aligned-center is-layout-flow wp-block-column-is-layout-flow\" style=\"flex-basis:80%\">\n<p class=\"has-text-align-left\">Spletna agencija s sede\u017eem v Sloveniji (Evropska unija).<\/p>\n<\/div>\n<\/div>\n<\/div>\n<\/div>\n","protected":false},"excerpt":{"rendered":"<p>Adobe Commerce \/ Magento Sistemska integracija Izbolj\u0161ajte u\u010dinkovitost in pove\u017eite svojo Adobe \/ Magento spletno trgovino z ERP, CRM, PIM in drugimi sistemi prek API-ja. Sinhronizirajte naro\u010dila, zalogo, kupce, kupone, in katerekoli druge podatke, ki so pomembni. Imamo izku\u0161nje z: Prednosti za va\u0161 eCommerce posel Zmanj\u0161ajte stro\u0161ke obratovanja s popolno integracijo spletne trogvine z drugimi [&hellip;]<\/p>\n","protected":false},"author":2,"featured_media":0,"parent":0,"menu_order":0,"comment_status":"closed","ping_status":"closed","template":"PageLanding.php","meta":{"_acf_changed":false,"footnotes":""},"class_list":["post-629","page","type-page","status-publish","hentry"],"acf":[],"_links":{"self":[{"href":"https:\/\/www.elitek.si\/sl\/wp-json\/wp\/v2\/pages\/629","targetHints":{"allow":["GET"]}}],"collection":[{"href":"https:\/\/www.elitek.si\/sl\/wp-json\/wp\/v2\/pages"}],"about":[{"href":"https:\/\/www.elitek.si\/sl\/wp-json\/wp\/v2\/types\/page"}],"author":[{"embeddable":true,"href":"https:\/\/www.elitek.si\/sl\/wp-json\/wp\/v2\/users\/2"}],"replies":[{"embeddable":true,"href":"https:\/\/www.elitek.si\/sl\/wp-json\/wp\/v2\/comments?post=629"}],"version-history":[{"count":33,"href":"https:\/\/www.elitek.si\/sl\/wp-json\/wp\/v2\/pages\/629\/revisions"}],"predecessor-version":[{"id":1986,"href":"https:\/\/www.elitek.si\/sl\/wp-json\/wp\/v2\/pages\/629\/revisions\/1986"}],"wp:attachment":[{"href":"https:\/\/www.elitek.si\/sl\/wp-json\/wp\/v2\/media?parent=629"}],"curies":[{"name":"wp","href":"https:\/\/api.w.org\/{rel}","templated":true}]}}