{"id":670,"date":"2023-12-13T11:41:51","date_gmt":"2023-12-13T11:41:51","guid":{"rendered":"https:\/\/www.elitek.si\/adobe-commerce-magento-razvoj-spletne-trgovine\/"},"modified":"2025-07-15T13:19:13","modified_gmt":"2025-07-15T13:19:13","slug":"adobe-commerce-magento-razvoj-spletne-trgovine","status":"publish","type":"page","link":"https:\/\/www.elitek.si\/sl\/adobe-commerce-magento-razvoj-spletne-trgovine\/","title":{"rendered":"Landing page &#8211; Development Agency"},"content":{"rendered":"\n<h2 class=\"wp-block-heading\"><span class=\"elitek-strong\">Adobe Commerce \/ Magento<\/span> <br>B2B\/B2C razvoj eCommerce<\/h2>\n\n\n\n<div class=\"wp-block-columns is-layout-flex wp-container-core-columns-is-layout-9d6595d7 wp-block-columns-is-layout-flex\">\n<div class=\"wp-block-column is-layout-flow wp-block-column-is-layout-flow\">\n<p>Smo celovita razvojna agencija, specializirana za B2B in B2C Adobe commerce \/ Magento re\u0161itve. Ustvarjamo spletna mesta po meri naro\u010dnika <strong>osredoto\u010dena na uporabnika, ki zagotavljajo merljive rezultate.<\/strong><\/p>\n\n\n\n<h3 class=\"wp-block-heading\"><br>Adobe Commerce,<br>Magento storitve<\/h3>\n\n\n\n<ul class=\"wp-block-list\">\n<li><strong>Razvoj B2C\/B2B eCommerce<\/strong> re\u0161itev<\/li>\n\n\n\n<li>Razvoj <strong>modulov in raz\u0161iritev<\/strong> <\/li>\n\n\n\n<li><strong>ERP, CRM, PIM<\/strong> sistemske integracije z Adobe Commerce in Magento<\/li>\n\n\n\n<li><strong>Optimizacija hitrosti<\/strong> &#8211; Razvoj &#8220;store-front&#8221; po meri naro\u010dnika<\/li>\n\n\n\n<li><strong>Migracija spletne trgovine<\/strong> iz Magento 1 v Magento 2 <\/li>\n\n\n\n<li><strong>Pregled\/analiza <\/strong> spletne trgovine<\/li>\n\n\n\n<li><strong>Vzdr\u017eevanje in varnost trgovine<\/strong><\/li>\n<\/ul>\n\n\n\n<h3 class=\"wp-block-heading\"><br>Zakaj Adobe \/ Magento eCommerce?<\/h3>\n\n\n\n<ol class=\"wp-block-list\">\n<li><strong>Raz\u0161irljivost (od majhnih do zelo, zelo velikih trgovin)<\/strong><br>Magento sistem je zelo prilagodljiv in lahko prenese rast spletnih trgovin (naro\u010dila, obiski, kupci).<br><br><\/li>\n\n\n\n<li><strong>Pester nabor funkcionalnosti za spletne trgovce<\/strong><br>Magento ima obse\u017een nabor funkcij. Podpira razli\u010dne vrste izdelkov, ve\u010d pla\u010dilnih meotod, marketin\u0161ka orodja in integracije, metode po\u0161iljanja, SEO podpora. <br><br><\/li>\n\n\n\n<li><strong>Skupnost in podpora<\/strong><br>Ker je Magento odprto-koden, ima veliko in aktivno skupnost razvijalcev, kar pomeni ogromno virov, vti\u010dnikov in raz\u0161iritev. Va\u0161 eCommerce ne bo odvisen samo od enega podjetja.<br> <br><\/li>\n\n\n\n<li><strong>Upravljanje ve\u010d trgovin<\/strong><br>Magento uporabnikom omogo\u010da upravljanje ve\u010d trgovin iz enega skrbni\u0161kega vmesnika. To je velika prednost za podjetja, ki delujejo v razli\u010dnih regijah ali z ve\u010d blagovnimi znamkami.<br><br><\/li>\n\n\n\n<li><strong>Varnostne funkcije<\/strong><br>Varnost je prednostna naloga pri Adobe Commerce \/ Magento e-trgovini. Magento vklju\u010duje funkcije, kot so \u0161ifriranje podatkov, varne pla\u010dilne transakcije in skladnost z industrijskimi standardi.<br><br><\/li>\n<\/ol>\n\n\n\n<p><\/p>\n<\/div>\n\n\n\n<div class=\"wp-block-column is-layout-flow wp-block-column-is-layout-flow\">\n<h3 class=\"wp-block-heading\"><span class=\"elitek-strong\">Rezervirajte termin<\/span> <br>za uvodni sestanek!<br><\/h3>\n\n\n\n<p>Pogovorimo se skupaj, kako lahko pomagamo va\u0161emu online poslu.<\/p>\n\n\n\n\n<div class=\"wpcf7 no-js\" id=\"wpcf7-f360-o1\" lang=\"sl-SI\" dir=\"ltr\" data-wpcf7-id=\"360\">\n<div class=\"screen-reader-response\"><p role=\"status\" aria-live=\"polite\" aria-atomic=\"true\"><\/p> <ul><\/ul><\/div>\n<form action=\"\/sl\/wp-json\/wp\/v2\/pages\/670#wpcf7-f360-o1\" method=\"post\" class=\"wpcf7-form init\" aria-label=\"Contact form\" novalidate=\"novalidate\" data-status=\"init\">\n<fieldset class=\"hidden-fields-container\"><input type=\"hidden\" name=\"_wpcf7\" value=\"360\" \/><input type=\"hidden\" name=\"_wpcf7_version\" value=\"6.1\" \/><input type=\"hidden\" name=\"_wpcf7_locale\" value=\"sl_SI\" \/><input type=\"hidden\" name=\"_wpcf7_unit_tag\" value=\"wpcf7-f360-o1\" \/><input type=\"hidden\" name=\"_wpcf7_container_post\" value=\"0\" \/><input type=\"hidden\" name=\"_wpcf7_posted_data_hash\" value=\"\" \/><input type=\"hidden\" name=\"_wpcf7_recaptcha_response\" value=\"\" \/>\n<\/fieldset>\n<div class=\"container\">\n\t<div class=\"row\">\n\t\t<div class=\"field\">\n\t\t\t<p><label>Ime in Priimek<\/label><span class=\"wpcf7-form-control-wrap\" data-name=\"your-name\"><input size=\"40\" maxlength=\"400\" class=\"wpcf7-form-control wpcf7-text wpcf7-validates-as-required\" autocomplete=\"name\" aria-required=\"true\" aria-invalid=\"false\" value=\"\" type=\"text\" name=\"your-name\" \/><\/span>\n\t\t\t<\/p>\n\t\t<\/div>\n\t\t<div class=\"field\">\n\t\t\t<p><label>Email<\/label><span class=\"wpcf7-form-control-wrap\" data-name=\"your-email\"><input size=\"40\" maxlength=\"400\" class=\"wpcf7-form-control wpcf7-email wpcf7-validates-as-required wpcf7-text wpcf7-validates-as-email\" autocomplete=\"email\" aria-required=\"true\" aria-invalid=\"false\" value=\"\" type=\"email\" name=\"your-email\" \/><\/span>\n\t\t\t<\/p>\n\t\t<\/div>\n\t\t<div class=\"field\">\n\t\t\t<p><label>Podjetje<\/label><span class=\"wpcf7-form-control-wrap\" data-name=\"company\"><input size=\"40\" maxlength=\"400\" class=\"wpcf7-form-control wpcf7-text\" aria-invalid=\"false\" value=\"\" type=\"text\" name=\"company\" \/><\/span>\n\t\t\t<\/p>\n\t\t<\/div>\n\t\t<div class=\"field\">\n\t\t\t<p><label>Telefon<\/label><span class=\"wpcf7-form-control-wrap\" data-name=\"tel-337\"><input size=\"40\" maxlength=\"400\" class=\"wpcf7-form-control wpcf7-tel wpcf7-validates-as-required wpcf7-text wpcf7-validates-as-tel\" aria-required=\"true\" aria-invalid=\"false\" value=\"\" type=\"tel\" name=\"tel-337\" \/><\/span>\n\t\t\t<\/p>\n\t\t<\/div>\n\t<\/div>\n\t<div class=\"row\">\n\t\t<div class=\"field\">\n\t\t\t<p><label>Va\u0161e sporo\u010dilo<\/label><span class=\"wpcf7-form-control-wrap\" data-name=\"your-message\"><textarea cols=\"40\" rows=\"10\" maxlength=\"2000\" class=\"wpcf7-form-control wpcf7-textarea wpcf7-validates-as-required\" aria-required=\"true\" aria-invalid=\"false\" name=\"your-message\"><\/textarea><\/span>\n\t\t\t<\/p>\n\t\t<\/div>\n\t<\/div>\n<\/div>\n<p><input class=\"wpcf7-form-control wpcf7-submit has-spinner button btn-primary\" type=\"submit\" value=\"Po\u0161lji sporo\u010dilo\" \/>\n<\/p><div class=\"wpcf7-response-output\" aria-hidden=\"true\"><\/div>\n<\/form>\n<\/div>\n\n<\/div>\n<\/div>\n\n\n\n<div class=\"wp-block-columns is-layout-flex wp-container-core-columns-is-layout-9d6595d7 wp-block-columns-is-layout-flex\">\n<div class=\"wp-block-column is-layout-flow wp-block-column-is-layout-flow\">\n<div class=\"wp-block-columns are-vertically-aligned-center is-not-stacked-on-mobile no-margin is-layout-flex wp-container-core-columns-is-layout-9d6595d7 wp-block-columns-is-layout-flex\">\n<div class=\"wp-block-column is-vertically-aligned-center is-layout-flow wp-block-column-is-layout-flow\" style=\"flex-basis:60px\">\n<figure class=\"wp-block-image size-full is-resized\"><img loading=\"lazy\" decoding=\"async\" width=\"640\" height=\"512\" src=\"https:\/\/www.elitek.si\/wp-content\/uploads\/2023\/12\/people-group-1.png\" alt=\"\" class=\"wp-image-501\" style=\"width:60px\" srcset=\"https:\/\/www.elitek.si\/wp-content\/uploads\/2023\/12\/people-group-1.png 640w, https:\/\/www.elitek.si\/wp-content\/uploads\/2023\/12\/people-group-1-300x240.png 300w\" sizes=\"auto, (max-width: 640px) 100vw, 640px\" \/><\/figure>\n<\/div>\n\n\n\n<div class=\"wp-block-column is-vertically-aligned-center is-layout-flow wp-block-column-is-layout-flow\" style=\"flex-basis:80%\">\n<p class=\"has-text-align-left\"><strong>SAMO Adobe Commerce \/ Magento<\/strong> strokovnjaki in razvijalci.<\/p>\n<\/div>\n<\/div>\n<\/div>\n\n\n\n<div class=\"wp-block-column is-layout-flow wp-block-column-is-layout-flow\">\n<div class=\"wp-block-columns are-vertically-aligned-center is-not-stacked-on-mobile no-margin is-layout-flex wp-container-core-columns-is-layout-9d6595d7 wp-block-columns-is-layout-flex\">\n<div class=\"wp-block-column is-vertically-aligned-center is-layout-flow wp-block-column-is-layout-flow\" style=\"flex-basis:60px\">\n<figure class=\"wp-block-image size-full is-resized\"><img loading=\"lazy\" decoding=\"async\" width=\"512\" height=\"512\" src=\"https:\/\/www.elitek.si\/wp-content\/uploads\/2023\/12\/shield-halved-1.png\" alt=\"\" class=\"wp-image-503\" style=\"width:60px\" srcset=\"https:\/\/www.elitek.si\/wp-content\/uploads\/2023\/12\/shield-halved-1.png 512w, https:\/\/www.elitek.si\/wp-content\/uploads\/2023\/12\/shield-halved-1-300x300.png 300w, https:\/\/www.elitek.si\/wp-content\/uploads\/2023\/12\/shield-halved-1-150x150.png 150w\" sizes=\"auto, (max-width: 512px) 100vw, 512px\" \/><\/figure>\n<\/div>\n\n\n\n<div class=\"wp-block-column is-vertically-aligned-center is-layout-flow wp-block-column-is-layout-flow\" style=\"flex-basis:80%\">\n<p class=\"has-text-align-left\"><strong>10+ let izku\u0161enj<\/strong> z razvojem Adobe Commerce in Magento.<\/p>\n<\/div>\n<\/div>\n<\/div>\n\n\n\n<div class=\"wp-block-column is-layout-flow wp-block-column-is-layout-flow\">\n<div class=\"wp-block-columns are-vertically-aligned-center is-not-stacked-on-mobile no-margin is-layout-flex wp-container-core-columns-is-layout-9d6595d7 wp-block-columns-is-layout-flex\">\n<div class=\"wp-block-column is-vertically-aligned-center is-layout-flow wp-block-column-is-layout-flow\" style=\"flex-basis:60px\">\n<figure class=\"wp-block-image size-full is-resized\"><img loading=\"lazy\" decoding=\"async\" width=\"512\" height=\"512\" src=\"https:\/\/www.elitek.si\/wp-content\/uploads\/2023\/12\/globe-1.png\" alt=\"\" class=\"wp-image-497\" style=\"width:60px\" srcset=\"https:\/\/www.elitek.si\/wp-content\/uploads\/2023\/12\/globe-1.png 512w, https:\/\/www.elitek.si\/wp-content\/uploads\/2023\/12\/globe-1-300x300.png 300w, https:\/\/www.elitek.si\/wp-content\/uploads\/2023\/12\/globe-1-150x150.png 150w\" sizes=\"auto, (max-width: 512px) 100vw, 512px\" \/><\/figure>\n<\/div>\n\n\n\n<div class=\"wp-block-column is-vertically-aligned-center is-layout-flow wp-block-column-is-layout-flow\" style=\"flex-basis:80%\">\n<p class=\"has-text-align-left\">Spletna agencija s sede\u017eem v Sloveniji (Evropska unija).<\/p>\n<\/div>\n<\/div>\n<\/div>\n<\/div>\n","protected":false},"excerpt":{"rendered":"<p>Adobe Commerce \/ Magento B2B\/B2C razvoj eCommerce Smo celovita razvojna agencija, specializirana za B2B in B2C Adobe commerce \/ Magento re\u0161itve. Ustvarjamo spletna mesta po meri naro\u010dnika osredoto\u010dena na uporabnika, ki zagotavljajo merljive rezultate. Adobe Commerce,Magento storitve Zakaj Adobe \/ Magento eCommerce? Rezervirajte termin za uvodni sestanek! Pogovorimo se skupaj, kako lahko pomagamo va\u0161emu online [&hellip;]<\/p>\n","protected":false},"author":2,"featured_media":0,"parent":0,"menu_order":0,"comment_status":"closed","ping_status":"closed","template":"PageLanding.php","meta":{"_acf_changed":false,"footnotes":""},"class_list":["post-670","page","type-page","status-publish","hentry"],"acf":[],"_links":{"self":[{"href":"https:\/\/www.elitek.si\/sl\/wp-json\/wp\/v2\/pages\/670","targetHints":{"allow":["GET"]}}],"collection":[{"href":"https:\/\/www.elitek.si\/sl\/wp-json\/wp\/v2\/pages"}],"about":[{"href":"https:\/\/www.elitek.si\/sl\/wp-json\/wp\/v2\/types\/page"}],"author":[{"embeddable":true,"href":"https:\/\/www.elitek.si\/sl\/wp-json\/wp\/v2\/users\/2"}],"replies":[{"embeddable":true,"href":"https:\/\/www.elitek.si\/sl\/wp-json\/wp\/v2\/comments?post=670"}],"version-history":[{"count":2,"href":"https:\/\/www.elitek.si\/sl\/wp-json\/wp\/v2\/pages\/670\/revisions"}],"predecessor-version":[{"id":1990,"href":"https:\/\/www.elitek.si\/sl\/wp-json\/wp\/v2\/pages\/670\/revisions\/1990"}],"wp:attachment":[{"href":"https:\/\/www.elitek.si\/sl\/wp-json\/wp\/v2\/media?parent=670"}],"curies":[{"name":"wp","href":"https:\/\/api.w.org\/{rel}","templated":true}]}}