{"id":804,"date":"2024-01-23T11:52:58","date_gmt":"2024-01-23T11:52:58","guid":{"rendered":"https:\/\/www.elitek.si\/varnostna-posodobitev-magento-adobe-commerce-trgovine\/"},"modified":"2024-01-23T14:12:38","modified_gmt":"2024-01-23T14:12:38","slug":"varnostna-posodobitev-magento-adobe-commerce-trgovine","status":"publish","type":"page","link":"https:\/\/www.elitek.si\/sl\/varnostna-posodobitev-magento-adobe-commerce-trgovine\/","title":{"rendered":"Varnostna posodobitev va\u0161e Magento \/ Adobe Commerce trgovine"},"content":{"rendered":"<div class=\"title-image\">\n    <span class=\"image\"><img decoding=\"async\" src=\"https:\/\/www.elitek.si\/wp-content\/uploads\/2024\/01\/magento-security-update-service-1.png\"\/><\/span><\/p>\n<h3>Zagotovo si vsak lastnik spletne trgovine ne \u017eeli te\u017eav in morebitnih sporov v primeru, da pride do vdora v va\u0161o Magento spletno prodajalno in s tem do prenehanja delovanja va\u0161e spletne trgovine ali celo do zlorabe osebnih podatkov.<\/h3>\n<\/div>\n<p style=\"font-size: 18px;\">Na \u017ealost je zelo pogosta praksa pri Magento projektih, da se spletno trgovino postavi, spreminja, vendar se jo pozabi redno posodabljati in name\u0161\u010dati varnostne popravke. Po nekem dolgem zate\u010denem stanju, pa je vse te\u017eje posodobiti va\u0161o spletno trgovino na zadnjo verzijo.<\/p>\n<h3><strong>Kaj vse pripomore posodobljena spletna trgovina?<\/strong><\/h3>\n<ol class=\"bigger\">\n<li><strong>Pove\u010dana varnost:<\/strong> Z rednim name\u0161\u010danjem najnovej\u0161ih popravkov, zagotavljamo, da je va\u0161a spletna stran okrepljena proti varnostnim gro\u017enjam, varuje tako va\u0161e podjetje kot tudi podatke strank.<\/li>\n<li><strong>Optimalna zmogljivost in nove funkcionalnosti:<\/strong> Redne posodobitve pomenijo, da ima va\u0161a Magento spletna trgovina name\u0161\u010dene najnovej\u0161e funkcionalnosti in izbolj\u0161ave, ki jih Magento \/ Adobe ponuja, kar vodi v bolj\u0161o, hitrej\u0161o in zanesljivej\u0161o spletno izku\u0161njo za va\u0161e stranke.<\/li>\n<li><strong>Va\u0161a brezskrbnost:<\/strong> \u010ce je va\u0161a spletna trgovina v rokah izku\u0161enih razvijalcev in z redno name\u0161\u010denimi posodobitvami, ste lahko mirni, da bo va\u0161a spletna trgovina varna ter delujo\u010da, kar vam omogo\u010da, da se osredoto\u010dite na rast va\u0161ega podjetja.<\/li>\n<\/ol>\n<h3><strong>Kako vam lahko pomagamo?<\/strong><\/h3>\n<p>Prepri\u010dani smo v na\u0161e znanje , tako da lahko prevzamemo tudi zate\u010deno stanje. Tudi \u010de va\u0161o Magento \/ Adobe spletno trgovino poganja zelo zastarela razli\u010dica, smo prepri\u010dani da lahko z na\u0161im znanjem in izku\u0161njami nadgradimo tudi va\u0161o zastarelo spletno trgovino.<br \/>\nSeveda starej\u0161a kot je razli\u010dica, ve\u010d je dela in ve\u010d je potrebnih vmesnih korakov, vendar je tudi to izvedljivo.<\/p>\n<div class=\"steps\">\n<div class=\"step\">\n<div class=\"step-inner\">\n<div class=\"step-inner-title\">\n                <span class=\"number\">1<\/span><\/p>\n<h2>Preverimo kompatibilnost name\u0161\u010denih \u201c3th party\u201d vti\u010dnikov<\/h2>\n<\/p><\/div>\n<p>\u010ce je le to mogo\u010de nadgradimo tudi name\u0161\u010dene vti\u010dnike in hkrati odpravimo morebitne te\u017eave ter nekompatibilnosti, ki se pojavijo z novo verzijo.<\/p>\n<p>V primeru da nadgradnje niso na voljo ali da bi bila sprememba prezahtevna, se lahko izvede le ro\u010dna prilagoditev oziroma odprava te\u017eav ki nastanejo zaradi zadnje Magento verzijo.<\/p>\n<\/p><\/div>\n<\/p><\/div>\n<div class=\"step\">\n<div class=\"step-inner\">\n<div class=\"step-inner-title\">\n                <span class=\"number\">2<\/span><\/p>\n<h2>Posodobimo Magento na zadnjo verzijo<\/h2>\n<\/p><\/div>\n<p>Po potrebi se izvede nadgradnjo v ve\u010d korakih. Postopoma se va\u0161o platformo posodobi na vse vmesne verzije, vse dokler ne pridemo do najnovej\u0161e razli\u010dice.<\/p>\n<\/p><\/div>\n<\/p><\/div>\n<div class=\"step\">\n<div class=\"step-inner\">\n<div class=\"step-inner-title\">\n                <span class=\"number\">3<\/span><\/p>\n<h2>Nadgraditev vseh klju\u010dnih stre\u017eni\u0161kih storitev<\/h2>\n<\/p><\/div>\n<p>Nadgradnja stre\u017eni\u0161kih storitev kot je PHP in MySQL verzija tudi znatno vpliva na hitrej\u0161e in bolj varno delovanje.<\/p>\n<\/p><\/div>\n<\/p><\/div>\n<div class=\"step\">\n<div class=\"step-inner\">\n<div class=\"step-inner-title\">\n                <span class=\"number\">4<\/span><\/p>\n<h2>Vklju\u010dimo vas v na\u0161 program spremljanja va\u0161e spletne trgovine<\/h2>\n<\/p><\/div>\n<p>Po kon\u010dani nadgradnji va\u0161o spletno trgovino redno spremljamo. Vsak mesec preverimo novosti in nadgradnje, ki so se v tem \u010dasu pojavile. V primeru novih nadgradenj, se z vami dogovorimo za namestitev in izvedbo.<\/p>\n<p>Z rednim name\u0161\u010danjem nadgradenj, se izognemo vsem nadaljnim zapletom in ve\u010djim stro\u0161kom vzdr\u017eevanja.<\/p>\n<\/p><\/div>\n<\/p><\/div>\n<\/div>\n<div class=\"contactus\">\n    <span>\u017delite da vam pomagamo zavarovati va\u0161o spletno trgovino?<\/span><br \/>\n    <a href=\"https:\/\/www.elitek.si\/sl\/kontaktirajte-nas\/\" class=\"button btn-secondary big white\">Kontaktirajte nas!<\/a>\n<\/div>\n<h3>Ne pozabimo, da se lahko izbolj\u0161ano in posodobljeno stanje hitro nazaj povrne na zastarelo platformo. Zato je klju\u010dno, da tudi v prihodnje za va\u0161 projekt skrbi izku\u0161ena razvijalska ekipa.<\/h3>\n<p>Po kon\u010danem projektu vam lahko nudimo vzdr\u017eevanje va\u0161e obstoje\u010de spletne trgovine in s tem skrbimo za vse nadaljne izbolj\u0161ave, nadgradnje in hkrati skrbimo da bo va\u0161a trgovina \u0161e naprej dobro in varno delovala.<\/p>\n","protected":false},"excerpt":{"rendered":"<p>Zagotovo si vsak lastnik spletne trgovine ne \u017eeli te\u017eav in morebitnih sporov v primeru, da pride do vdora v va\u0161o Magento spletno prodajalno in s tem do prenehanja delovanja va\u0161e spletne trgovine ali celo do zlorabe osebnih podatkov. Na \u017ealost je zelo pogosta praksa pri Magento projektih, da se spletno trgovino postavi, spreminja, vendar se [&hellip;]<\/p>\n","protected":false},"author":1,"featured_media":0,"parent":0,"menu_order":0,"comment_status":"closed","ping_status":"closed","template":"simple.php","meta":{"_acf_changed":false,"footnotes":""},"class_list":["post-804","page","type-page","status-publish","hentry"],"acf":[],"_links":{"self":[{"href":"https:\/\/www.elitek.si\/sl\/wp-json\/wp\/v2\/pages\/804","targetHints":{"allow":["GET"]}}],"collection":[{"href":"https:\/\/www.elitek.si\/sl\/wp-json\/wp\/v2\/pages"}],"about":[{"href":"https:\/\/www.elitek.si\/sl\/wp-json\/wp\/v2\/types\/page"}],"author":[{"embeddable":true,"href":"https:\/\/www.elitek.si\/sl\/wp-json\/wp\/v2\/users\/1"}],"replies":[{"embeddable":true,"href":"https:\/\/www.elitek.si\/sl\/wp-json\/wp\/v2\/comments?post=804"}],"version-history":[{"count":2,"href":"https:\/\/www.elitek.si\/sl\/wp-json\/wp\/v2\/pages\/804\/revisions"}],"predecessor-version":[{"id":828,"href":"https:\/\/www.elitek.si\/sl\/wp-json\/wp\/v2\/pages\/804\/revisions\/828"}],"wp:attachment":[{"href":"https:\/\/www.elitek.si\/sl\/wp-json\/wp\/v2\/media?parent=804"}],"curies":[{"name":"wp","href":"https:\/\/api.w.org\/{rel}","templated":true}]}}